{"id":1438,"date":"2026-04-13T08:56:53","date_gmt":"2026-04-13T15:56:53","guid":{"rendered":"https:\/\/memorylossfoundation.org\/descargar-la-hoja-de-ruta-para-la-perdida-de-memoria\/"},"modified":"2026-04-21T14:19:02","modified_gmt":"2026-04-21T21:19:02","slug":"roadmap-thank-you","status":"publish","type":"page","link":"https:\/\/memorylossfoundation.org\/es\/roadmap-thank-you\/","title":{"rendered":"Descargar la hoja de ruta para la p\u00e9rdida de memoria"},"content":{"rendered":"\n<p class=\"has-text-align-center\">Gracias por tu inter\u00e9s. A continuaci\u00f3n puedes ver y descargar la Hoja de Ruta sobre la P\u00e9rdida de Memoria. Si tienes alg\u00fan problema, simplemente haz clic en el bot\u00f3n de abajo para acceder a ella y descargarla directamente.  <\/p>\n\n\n\n<div class=\"wp-block-group is-content-justification-center is-layout-flex wp-container-core-group-is-layout-64b26803 wp-block-group-is-layout-flex\">\n<a class=\"brxe-button bricks-button btn--s bricks-color-btn--secondary btn--secondary\" href=\"https:\/\/memorylossfoundation.org\/wp-content\/uploads\/Memory-Loss-Roadmap-American-Memory-Loss-Foundation-Spanish-Fillable.pdf\" download rel=\"noopener\">Descargar hoja de ruta<\/a>\n\n\n\n<button class=\"brxe-button bricks-button btn--s bricks-color-btn--secondary btn--secondary btn--outline\" onclick=\"var w = window.open('\/wp-content\/uploads\/Memory-Loss-Roadmap-American-Memory-Loss-Foundation-Spanish-Fillable.pdf'); w.onload = function(){ w.print(); };\">IMPRIMIR PDF<\/button>\n<\/div>\n\n\n<iframe loading=\"lazy\" class=\"embed-pdf-viewer\" src=\"https:\/\/memorylossfoundation.org\/wp-content\/uploads\/Memory-Loss-Roadmap-American-Memory-Loss-Foundation-Spanish-Fillable-1.pdf\" height=\"600\" width=\"600\" title=\"Memory-Loss-Roadmap-American-Memory-Loss-Foundation-Spanish-Fillable\"><\/iframe>","protected":false},"excerpt":{"rendered":"<p>Gracias por tu inter\u00e9s. A continuaci\u00f3n puedes ver y descargar la Hoja de Ruta sobre la P\u00e9rdida de Memoria. Si tienes alg\u00fan problema, simplemente haz clic en el bot\u00f3n de abajo para acceder a ella y descargarla directamente. Descargar hoja de ruta IMPRIMIR PDF<\/p>\n","protected":false},"author":1,"featured_media":0,"parent":0,"menu_order":50,"comment_status":"closed","ping_status":"closed","template":"","meta":{"_acf_changed":false,"footnotes":""},"hf_cat_page":[],"class_list":["post-1438","page","type-page","status-publish","hentry"],"acf":[],"yoast_head":"<!-- This site is optimized with the Yoast SEO plugin v27.5 - https:\/\/yoast.com\/product\/yoast-seo-wordpress\/ -->\n<title>Descargar la hoja de ruta para la p\u00e9rdida de memoria &#187; American Memory Loss Foundation<\/title>\n<meta name=\"robots\" content=\"index, follow, max-snippet:-1, max-image-preview:large, max-video-preview:-1\" \/>\n<link rel=\"canonical\" href=\"https:\/\/memorylossfoundation.org\/es\/roadmap-thank-you\/\" \/>\n<meta property=\"og:locale\" content=\"es_ES\" \/>\n<meta property=\"og:type\" content=\"article\" \/>\n<meta property=\"og:title\" content=\"Descargar la hoja de ruta para la p\u00e9rdida de memoria &#187; American Memory Loss Foundation\" \/>\n<meta property=\"og:description\" content=\"Gracias por tu inter\u00e9s. A continuaci\u00f3n puedes ver y descargar la Hoja de Ruta sobre la P\u00e9rdida de Memoria. Si tienes alg\u00fan problema, simplemente haz clic en el bot\u00f3n de abajo para acceder a ella y descargarla directamente. Descargar hoja de ruta IMPRIMIR PDF\" \/>\n<meta property=\"og:url\" content=\"https:\/\/memorylossfoundation.org\/es\/roadmap-thank-you\/\" \/>\n<meta property=\"og:site_name\" content=\"American Memory Loss Foundation\" \/>\n<meta property=\"article:modified_time\" content=\"2026-04-21T21:19:02+00:00\" \/>\n<meta name=\"twitter:card\" content=\"summary_large_image\" \/>\n<meta name=\"twitter:label1\" content=\"Tiempo de lectura\" \/>\n\t<meta name=\"twitter:data1\" content=\"1 minuto\" \/>\n<!-- \/ Yoast SEO plugin. -->","yoast_head_json":{"title":"Descargar la hoja de ruta para la p\u00e9rdida de memoria &#187; American Memory Loss Foundation","robots":{"index":"index","follow":"follow","max-snippet":"max-snippet:-1","max-image-preview":"max-image-preview:large","max-video-preview":"max-video-preview:-1"},"canonical":"https:\/\/memorylossfoundation.org\/es\/roadmap-thank-you\/","og_locale":"es_ES","og_type":"article","og_title":"Descargar la hoja de ruta para la p\u00e9rdida de memoria &#187; American Memory Loss Foundation","og_description":"Gracias por tu inter\u00e9s. A continuaci\u00f3n puedes ver y descargar la Hoja de Ruta sobre la P\u00e9rdida de Memoria. Si tienes alg\u00fan problema, simplemente haz clic en el bot\u00f3n de abajo para acceder a ella y descargarla directamente. Descargar hoja de ruta IMPRIMIR PDF","og_url":"https:\/\/memorylossfoundation.org\/es\/roadmap-thank-you\/","og_site_name":"American Memory Loss Foundation","article_modified_time":"2026-04-21T21:19:02+00:00","twitter_card":"summary_large_image","twitter_misc":{"Tiempo de lectura":"1 minuto"},"schema":{"@context":"https:\/\/schema.org","@graph":[{"@type":"WebPage","@id":"https:\/\/memorylossfoundation.org\/es\/roadmap-thank-you\/","url":"https:\/\/memorylossfoundation.org\/es\/roadmap-thank-you\/","name":"Descargar la hoja de ruta para la p\u00e9rdida de memoria &#187; American Memory Loss Foundation","isPartOf":{"@id":"https:\/\/memorylossfoundation.org\/es\/#website"},"datePublished":"2026-04-13T15:56:53+00:00","dateModified":"2026-04-21T21:19:02+00:00","breadcrumb":{"@id":"https:\/\/memorylossfoundation.org\/es\/roadmap-thank-you\/#breadcrumb"},"inLanguage":"es","potentialAction":[{"@type":"ReadAction","target":["https:\/\/memorylossfoundation.org\/es\/roadmap-thank-you\/"]}]},{"@type":"BreadcrumbList","@id":"https:\/\/memorylossfoundation.org\/es\/roadmap-thank-you\/#breadcrumb","itemListElement":[{"@type":"ListItem","position":1,"name":"Home","item":"https:\/\/memorylossfoundation.org\/es\/"},{"@type":"ListItem","position":2,"name":"Descargar la hoja de ruta para la p\u00e9rdida de memoria","item":"https:\/\/memorylossfoundation.org\/es\/"}]},{"@type":"WebSite","@id":"https:\/\/memorylossfoundation.org\/es\/#website","url":"https:\/\/memorylossfoundation.org\/es\/","name":"American Memory Loss Foundation","description":"Memory loss can be frustrating. Getting help shouldn&#039;t be.","publisher":{"@id":"https:\/\/memorylossfoundation.org\/es\/#organization"},"potentialAction":[{"@type":"SearchAction","target":{"@type":"EntryPoint","urlTemplate":"https:\/\/memorylossfoundation.org\/es\/?s={search_term_string}"},"query-input":{"@type":"PropertyValueSpecification","valueRequired":true,"valueName":"search_term_string"}}],"inLanguage":"es"},{"@type":"Organization","@id":"https:\/\/memorylossfoundation.org\/es\/#organization","name":"American Memory Loss Foundation","url":"https:\/\/memorylossfoundation.org\/es\/","logo":{"@type":"ImageObject","inLanguage":"es","@id":"https:\/\/memorylossfoundation.org\/es\/#\/schema\/logo\/image\/","url":"https:\/\/memorylossfoundation.org\/wp-content\/uploads\/AMLF_logo_blue_box.png","contentUrl":"https:\/\/memorylossfoundation.org\/wp-content\/uploads\/AMLF_logo_blue_box.png","width":1920,"height":1067,"caption":"American Memory Loss Foundation"},"image":{"@id":"https:\/\/memorylossfoundation.org\/es\/#\/schema\/logo\/image\/"}}]}},"_links":{"self":[{"href":"https:\/\/memorylossfoundation.org\/es\/wp-json\/wp\/v2\/pages\/1438","targetHints":{"allow":["GET"]}}],"collection":[{"href":"https:\/\/memorylossfoundation.org\/es\/wp-json\/wp\/v2\/pages"}],"about":[{"href":"https:\/\/memorylossfoundation.org\/es\/wp-json\/wp\/v2\/types\/page"}],"author":[{"embeddable":true,"href":"https:\/\/memorylossfoundation.org\/es\/wp-json\/wp\/v2\/users\/1"}],"replies":[{"embeddable":true,"href":"https:\/\/memorylossfoundation.org\/es\/wp-json\/wp\/v2\/comments?post=1438"}],"version-history":[{"count":5,"href":"https:\/\/memorylossfoundation.org\/es\/wp-json\/wp\/v2\/pages\/1438\/revisions"}],"predecessor-version":[{"id":1448,"href":"https:\/\/memorylossfoundation.org\/es\/wp-json\/wp\/v2\/pages\/1438\/revisions\/1448"}],"wp:attachment":[{"href":"https:\/\/memorylossfoundation.org\/es\/wp-json\/wp\/v2\/media?parent=1438"}],"wp:term":[{"taxonomy":"hf_cat_page","embeddable":true,"href":"https:\/\/memorylossfoundation.org\/es\/wp-json\/wp\/v2\/hf_cat_page?post=1438"}],"curies":[{"name":"wp","href":"https:\/\/api.w.org\/{rel}","templated":true}]}}