{"id":826,"date":"2025-09-28T09:14:31","date_gmt":"2025-09-28T16:14:31","guid":{"rendered":"https:\/\/memorylossfoundation.org\/descargue-la-hoja-de-ruta-gratuita-para-la-perdida-de-memoria\/"},"modified":"2026-04-06T10:32:58","modified_gmt":"2026-04-06T17:32:58","slug":"descargue-la-hoja-de-ruta-gratuita-para-la-perdida-de-memoria","status":"publish","type":"page","link":"https:\/\/memorylossfoundation.org\/es\/deberia-consultar-a-un-medico\/descargue-la-hoja-de-ruta-gratuita-para-la-perdida-de-memoria\/","title":{"rendered":"Descargue la hoja de ruta gratuita para la p\u00e9rdida de memoria"},"content":{"rendered":"<div class=\"wp-block-image cs-roadmap-img\">\n<figure class=\"alignright size-full\"><a href=\"\/wp-content\/uploads\/Memory-Loss-Roadmap-American-Memory-Loss-Foundation-Spanish-Fillable.pdf\" target=\"_blank\" rel=\" noreferrer noopener\"><img loading=\"lazy\" decoding=\"async\" width=\"636\" height=\"580\" src=\"https:\/\/memorylossfoundation.org\/wp-content\/uploads\/amlf-roadmap-cover-img-2.jpg?t=1765905021\" alt=\"Gr\u00e1fico PDF de la Hoja de ruta para la p\u00e9rdida de memoria\" class=\"wp-image-539\" style=\"object-fit:cover\"\/><\/a><\/figure>\n<\/div>\n\n\n<p>Si le preocupa su memoria (o la memoria de un ser querido), una de las preguntas m\u00e1s importantes que probablemente se haga es: \u201c\u00bfQu\u00e9 debo hacer al respecto?\u201d<\/p>\n\n\n\n<p>La mayor\u00eda de nosotros no hemos lidiado con la p\u00e9rdida de memoria antes, por lo que no estamos seguros de si los \u201cs\u00edntomas\u201d que estamos experimentando (u observando) son normales o algo de lo que preocuparse. Tampoco tenemos idea de c\u00f3mo encontrar la respuesta.<\/p>\n\n\n\n<p>Por eso hemos creado esta Hoja de ruta para la p\u00e9rdida de memoria. Proporciona una gu\u00eda paso a paso y f\u00e1cil de seguir sobre la p\u00e9rdida de memoria, dise\u00f1ada para ayudarle a determinar exactamente qu\u00e9 est\u00e1 sucediendo.<\/p>\n\n\n\n<p>Para utilizar esta gu\u00eda sobre la p\u00e9rdida de memoria, simplemente desc\u00e1rguela, impr\u00edmala y siga los pasos en orden.<\/p>\n\n\n\n<p>A lo largo del proceso, no solo crear\u00e1 una gran cantidad de informaci\u00f3n para compartir con un m\u00e9dico, sino tambi\u00e9n un registro central de los pasos que ha dado para que pueda consultarlos m\u00e1s adelante.<\/p>\n\n\n\n<p>Para ser claros, solo un m\u00e9dico capacitado puede diagnosticar una afecci\u00f3n relacionada con la memoria. Pero para hacerlo, necesitan su ayuda para comprender exactamente qu\u00e9 s\u00edntomas est\u00e1 experimentando la persona (o qu\u00e9 s\u00edntomas est\u00e1 observando). Nuestra Hoja de ruta para la p\u00e9rdida de memoria fue creada en conjunto con un neur\u00f3logo cognitivo, por lo que incluye todo lo que un m\u00e9dico buscar\u00e1.<\/p>\n\n\n\n<p>Descargue la hoja de ruta. Siga los pasos. Encontrar\u00e1 las respuestas que busca.<\/p>\n\n\n\n<div class=\"wp-block-buttons is-layout-flex wp-block-buttons-is-layout-flex\">\n<div class=\"wp-block-button brxe-button bricks-button btn--m bricks-color-btn--secondary btn--secondary\"><a class=\"wp-block-button__link wp-element-button\" href=\"\/wp-content\/uploads\/Memory-Loss-Roadmap-American-Memory-Loss-Foundation-Spanish-Fillable.pdf\" target=\"_blank\" rel=\"noreferrer noopener nofollow\">Descargar hoja de ruta<\/a><\/div>\n<\/div>\n","protected":false},"excerpt":{"rendered":"<p>Si le preocupa su memoria (o la memoria de un ser querido), una de las preguntas m\u00e1s importantes que probablemente se haga es: \u201c\u00bfQu\u00e9 debo hacer al respecto?\u201d La mayor\u00eda de nosotros no hemos lidiado con la p\u00e9rdida de memoria antes, por lo que no estamos seguros de si los \u201cs\u00edntomas\u201d que estamos experimentando (u [&hellip;]<\/p>\n","protected":false},"author":1,"featured_media":0,"parent":845,"menu_order":11,"comment_status":"closed","ping_status":"closed","template":"","meta":{"_acf_changed":false,"footnotes":""},"hf_cat_page":[50,48],"class_list":["post-826","page","type-page","status-publish","hentry"],"acf":[],"yoast_head":"<!-- This site is optimized with the Yoast SEO plugin v27.4 - https:\/\/yoast.com\/product\/yoast-seo-wordpress\/ -->\n<title>Descargue la hoja de ruta gratuita para la p\u00e9rdida de memoria &#187; American Memory Loss Foundation<\/title>\n<meta name=\"description\" content=\"Descargue la hoja de ruta gratuita para la p\u00e9rdida de memoria de la American Memory Loss Foundation para guiar, documentar y gestionar su recorrido de atenci\u00f3n de la memoria.\" \/>\n<meta name=\"robots\" content=\"noindex, follow, max-snippet:-1, max-image-preview:large, max-video-preview:-1\" \/>\n<meta property=\"og:locale\" content=\"es_ES\" \/>\n<meta property=\"og:type\" content=\"article\" \/>\n<meta property=\"og:title\" content=\"Descargue la hoja de ruta gratuita para la p\u00e9rdida de memoria &#187; American Memory Loss Foundation\" \/>\n<meta property=\"og:description\" content=\"Descargue la hoja de ruta gratuita para la p\u00e9rdida de memoria de la American Memory Loss Foundation para guiar, documentar y gestionar su recorrido de atenci\u00f3n de la memoria.\" \/>\n<meta property=\"og:url\" content=\"https:\/\/memorylossfoundation.org\/es\/deberia-consultar-a-un-medico\/descargue-la-hoja-de-ruta-gratuita-para-la-perdida-de-memoria\/\" \/>\n<meta property=\"og:site_name\" content=\"American Memory Loss Foundation\" \/>\n<meta property=\"article:modified_time\" content=\"2026-04-06T17:32:58+00:00\" \/>\n<meta property=\"og:image\" content=\"https:\/\/memorylossfoundation.org\/wp-content\/uploads\/amlf-roadmap-cover-img-2.jpg\" \/>\n\t<meta property=\"og:image:width\" content=\"636\" \/>\n\t<meta property=\"og:image:height\" content=\"580\" \/>\n\t<meta property=\"og:image:type\" content=\"image\/jpeg\" \/>\n<meta name=\"twitter:card\" content=\"summary_large_image\" \/>\n<meta name=\"twitter:label1\" content=\"Tiempo de lectura\" \/>\n\t<meta name=\"twitter:data1\" content=\"2 minutos\" \/>\n<script type=\"application\/ld+json\" class=\"yoast-schema-graph\">{\"@context\":\"https:\\\/\\\/schema.org\",\"@graph\":[{\"@type\":\"WebPage\",\"@id\":\"https:\\\/\\\/memorylossfoundation.org\\\/es\\\/deberia-consultar-a-un-medico\\\/descargue-la-hoja-de-ruta-gratuita-para-la-perdida-de-memoria\\\/\",\"url\":\"https:\\\/\\\/memorylossfoundation.org\\\/es\\\/deberia-consultar-a-un-medico\\\/descargue-la-hoja-de-ruta-gratuita-para-la-perdida-de-memoria\\\/\",\"name\":\"Descargue la hoja de ruta gratuita para la p\u00e9rdida de memoria &#187; American Memory Loss Foundation\",\"isPartOf\":{\"@id\":\"https:\\\/\\\/memorylossfoundation.org\\\/es\\\/#website\"},\"primaryImageOfPage\":{\"@id\":\"https:\\\/\\\/memorylossfoundation.org\\\/es\\\/deberia-consultar-a-un-medico\\\/descargue-la-hoja-de-ruta-gratuita-para-la-perdida-de-memoria\\\/#primaryimage\"},\"image\":{\"@id\":\"https:\\\/\\\/memorylossfoundation.org\\\/es\\\/deberia-consultar-a-un-medico\\\/descargue-la-hoja-de-ruta-gratuita-para-la-perdida-de-memoria\\\/#primaryimage\"},\"thumbnailUrl\":\"https:\\\/\\\/memorylossfoundation.org\\\/wp-content\\\/uploads\\\/amlf-roadmap-cover-img-2.jpg?t=1765905021\",\"datePublished\":\"2025-09-28T16:14:31+00:00\",\"dateModified\":\"2026-04-06T17:32:58+00:00\",\"description\":\"Descargue la hoja de ruta gratuita para la p\u00e9rdida de memoria de la American Memory Loss Foundation para guiar, documentar y gestionar su recorrido de atenci\u00f3n de la memoria.\",\"breadcrumb\":{\"@id\":\"https:\\\/\\\/memorylossfoundation.org\\\/es\\\/deberia-consultar-a-un-medico\\\/descargue-la-hoja-de-ruta-gratuita-para-la-perdida-de-memoria\\\/#breadcrumb\"},\"inLanguage\":\"es\",\"potentialAction\":[{\"@type\":\"ReadAction\",\"target\":[\"https:\\\/\\\/memorylossfoundation.org\\\/es\\\/deberia-consultar-a-un-medico\\\/descargue-la-hoja-de-ruta-gratuita-para-la-perdida-de-memoria\\\/\"]}]},{\"@type\":\"ImageObject\",\"inLanguage\":\"es\",\"@id\":\"https:\\\/\\\/memorylossfoundation.org\\\/es\\\/deberia-consultar-a-un-medico\\\/descargue-la-hoja-de-ruta-gratuita-para-la-perdida-de-memoria\\\/#primaryimage\",\"url\":\"https:\\\/\\\/memorylossfoundation.org\\\/wp-content\\\/uploads\\\/amlf-roadmap-cover-img-2.jpg?t=1765905021\",\"contentUrl\":\"https:\\\/\\\/memorylossfoundation.org\\\/wp-content\\\/uploads\\\/amlf-roadmap-cover-img-2.jpg?t=1765905021\"},{\"@type\":\"BreadcrumbList\",\"@id\":\"https:\\\/\\\/memorylossfoundation.org\\\/es\\\/deberia-consultar-a-un-medico\\\/descargue-la-hoja-de-ruta-gratuita-para-la-perdida-de-memoria\\\/#breadcrumb\",\"itemListElement\":[{\"@type\":\"ListItem\",\"position\":1,\"name\":\"Home\",\"item\":\"https:\\\/\\\/memorylossfoundation.org\\\/es\\\/\"},{\"@type\":\"ListItem\",\"position\":2,\"name\":\"\u00bfDeber\u00eda consultar a un m\u00e9dico?\",\"item\":\"https:\\\/\\\/memorylossfoundation.org\\\/es\\\/deberia-consultar-a-un-medico\\\/\"},{\"@type\":\"ListItem\",\"position\":3,\"name\":\"Descargue la hoja de ruta gratuita para la p\u00e9rdida de memoria\"}]},{\"@type\":\"WebSite\",\"@id\":\"https:\\\/\\\/memorylossfoundation.org\\\/es\\\/#website\",\"url\":\"https:\\\/\\\/memorylossfoundation.org\\\/es\\\/\",\"name\":\"American Memory Loss Foundation\",\"description\":\"Memory loss can be frustrating. Getting help shouldn&#039;t be.\",\"publisher\":{\"@id\":\"https:\\\/\\\/memorylossfoundation.org\\\/es\\\/#organization\"},\"potentialAction\":[{\"@type\":\"SearchAction\",\"target\":{\"@type\":\"EntryPoint\",\"urlTemplate\":\"https:\\\/\\\/memorylossfoundation.org\\\/es\\\/?s={search_term_string}\"},\"query-input\":{\"@type\":\"PropertyValueSpecification\",\"valueRequired\":true,\"valueName\":\"search_term_string\"}}],\"inLanguage\":\"es\"},{\"@type\":\"Organization\",\"@id\":\"https:\\\/\\\/memorylossfoundation.org\\\/es\\\/#organization\",\"name\":\"American Memory Loss Foundation\",\"url\":\"https:\\\/\\\/memorylossfoundation.org\\\/es\\\/\",\"logo\":{\"@type\":\"ImageObject\",\"inLanguage\":\"es\",\"@id\":\"https:\\\/\\\/memorylossfoundation.org\\\/es\\\/#\\\/schema\\\/logo\\\/image\\\/\",\"url\":\"https:\\\/\\\/memorylossfoundation.org\\\/wp-content\\\/uploads\\\/AMLF_logo_blue_box.png\",\"contentUrl\":\"https:\\\/\\\/memorylossfoundation.org\\\/wp-content\\\/uploads\\\/AMLF_logo_blue_box.png\",\"width\":1920,\"height\":1067,\"caption\":\"American Memory Loss Foundation\"},\"image\":{\"@id\":\"https:\\\/\\\/memorylossfoundation.org\\\/es\\\/#\\\/schema\\\/logo\\\/image\\\/\"}}]}<\/script>\n<!-- \/ Yoast SEO plugin. -->","yoast_head_json":{"title":"Descargue la hoja de ruta gratuita para la p\u00e9rdida de memoria &#187; American Memory Loss Foundation","description":"Descargue la hoja de ruta gratuita para la p\u00e9rdida de memoria de la American Memory Loss Foundation para guiar, documentar y gestionar su recorrido de atenci\u00f3n de la memoria.","robots":{"index":"noindex","follow":"follow","max-snippet":"max-snippet:-1","max-image-preview":"max-image-preview:large","max-video-preview":"max-video-preview:-1"},"og_locale":"es_ES","og_type":"article","og_title":"Descargue la hoja de ruta gratuita para la p\u00e9rdida de memoria &#187; American Memory Loss Foundation","og_description":"Descargue la hoja de ruta gratuita para la p\u00e9rdida de memoria de la American Memory Loss Foundation para guiar, documentar y gestionar su recorrido de atenci\u00f3n de la memoria.","og_url":"https:\/\/memorylossfoundation.org\/es\/deberia-consultar-a-un-medico\/descargue-la-hoja-de-ruta-gratuita-para-la-perdida-de-memoria\/","og_site_name":"American Memory Loss Foundation","article_modified_time":"2026-04-06T17:32:58+00:00","og_image":[{"width":636,"height":580,"url":"https:\/\/memorylossfoundation.org\/wp-content\/uploads\/amlf-roadmap-cover-img-2.jpg","type":"image\/jpeg"}],"twitter_card":"summary_large_image","twitter_misc":{"Tiempo de lectura":"2 minutos"},"schema":{"@context":"https:\/\/schema.org","@graph":[{"@type":"WebPage","@id":"https:\/\/memorylossfoundation.org\/es\/deberia-consultar-a-un-medico\/descargue-la-hoja-de-ruta-gratuita-para-la-perdida-de-memoria\/","url":"https:\/\/memorylossfoundation.org\/es\/deberia-consultar-a-un-medico\/descargue-la-hoja-de-ruta-gratuita-para-la-perdida-de-memoria\/","name":"Descargue la hoja de ruta gratuita para la p\u00e9rdida de memoria &#187; American Memory Loss Foundation","isPartOf":{"@id":"https:\/\/memorylossfoundation.org\/es\/#website"},"primaryImageOfPage":{"@id":"https:\/\/memorylossfoundation.org\/es\/deberia-consultar-a-un-medico\/descargue-la-hoja-de-ruta-gratuita-para-la-perdida-de-memoria\/#primaryimage"},"image":{"@id":"https:\/\/memorylossfoundation.org\/es\/deberia-consultar-a-un-medico\/descargue-la-hoja-de-ruta-gratuita-para-la-perdida-de-memoria\/#primaryimage"},"thumbnailUrl":"https:\/\/memorylossfoundation.org\/wp-content\/uploads\/amlf-roadmap-cover-img-2.jpg?t=1765905021","datePublished":"2025-09-28T16:14:31+00:00","dateModified":"2026-04-06T17:32:58+00:00","description":"Descargue la hoja de ruta gratuita para la p\u00e9rdida de memoria de la American Memory Loss Foundation para guiar, documentar y gestionar su recorrido de atenci\u00f3n de la memoria.","breadcrumb":{"@id":"https:\/\/memorylossfoundation.org\/es\/deberia-consultar-a-un-medico\/descargue-la-hoja-de-ruta-gratuita-para-la-perdida-de-memoria\/#breadcrumb"},"inLanguage":"es","potentialAction":[{"@type":"ReadAction","target":["https:\/\/memorylossfoundation.org\/es\/deberia-consultar-a-un-medico\/descargue-la-hoja-de-ruta-gratuita-para-la-perdida-de-memoria\/"]}]},{"@type":"ImageObject","inLanguage":"es","@id":"https:\/\/memorylossfoundation.org\/es\/deberia-consultar-a-un-medico\/descargue-la-hoja-de-ruta-gratuita-para-la-perdida-de-memoria\/#primaryimage","url":"https:\/\/memorylossfoundation.org\/wp-content\/uploads\/amlf-roadmap-cover-img-2.jpg?t=1765905021","contentUrl":"https:\/\/memorylossfoundation.org\/wp-content\/uploads\/amlf-roadmap-cover-img-2.jpg?t=1765905021"},{"@type":"BreadcrumbList","@id":"https:\/\/memorylossfoundation.org\/es\/deberia-consultar-a-un-medico\/descargue-la-hoja-de-ruta-gratuita-para-la-perdida-de-memoria\/#breadcrumb","itemListElement":[{"@type":"ListItem","position":1,"name":"Home","item":"https:\/\/memorylossfoundation.org\/es\/"},{"@type":"ListItem","position":2,"name":"\u00bfDeber\u00eda consultar a un m\u00e9dico?","item":"https:\/\/memorylossfoundation.org\/es\/deberia-consultar-a-un-medico\/"},{"@type":"ListItem","position":3,"name":"Descargue la hoja de ruta gratuita para la p\u00e9rdida de memoria"}]},{"@type":"WebSite","@id":"https:\/\/memorylossfoundation.org\/es\/#website","url":"https:\/\/memorylossfoundation.org\/es\/","name":"American Memory Loss Foundation","description":"Memory loss can be frustrating. Getting help shouldn&#039;t be.","publisher":{"@id":"https:\/\/memorylossfoundation.org\/es\/#organization"},"potentialAction":[{"@type":"SearchAction","target":{"@type":"EntryPoint","urlTemplate":"https:\/\/memorylossfoundation.org\/es\/?s={search_term_string}"},"query-input":{"@type":"PropertyValueSpecification","valueRequired":true,"valueName":"search_term_string"}}],"inLanguage":"es"},{"@type":"Organization","@id":"https:\/\/memorylossfoundation.org\/es\/#organization","name":"American Memory Loss Foundation","url":"https:\/\/memorylossfoundation.org\/es\/","logo":{"@type":"ImageObject","inLanguage":"es","@id":"https:\/\/memorylossfoundation.org\/es\/#\/schema\/logo\/image\/","url":"https:\/\/memorylossfoundation.org\/wp-content\/uploads\/AMLF_logo_blue_box.png","contentUrl":"https:\/\/memorylossfoundation.org\/wp-content\/uploads\/AMLF_logo_blue_box.png","width":1920,"height":1067,"caption":"American Memory Loss Foundation"},"image":{"@id":"https:\/\/memorylossfoundation.org\/es\/#\/schema\/logo\/image\/"}}]}},"_links":{"self":[{"href":"https:\/\/memorylossfoundation.org\/es\/wp-json\/wp\/v2\/pages\/826","targetHints":{"allow":["GET"]}}],"collection":[{"href":"https:\/\/memorylossfoundation.org\/es\/wp-json\/wp\/v2\/pages"}],"about":[{"href":"https:\/\/memorylossfoundation.org\/es\/wp-json\/wp\/v2\/types\/page"}],"author":[{"embeddable":true,"href":"https:\/\/memorylossfoundation.org\/es\/wp-json\/wp\/v2\/users\/1"}],"replies":[{"embeddable":true,"href":"https:\/\/memorylossfoundation.org\/es\/wp-json\/wp\/v2\/comments?post=826"}],"version-history":[{"count":6,"href":"https:\/\/memorylossfoundation.org\/es\/wp-json\/wp\/v2\/pages\/826\/revisions"}],"predecessor-version":[{"id":1357,"href":"https:\/\/memorylossfoundation.org\/es\/wp-json\/wp\/v2\/pages\/826\/revisions\/1357"}],"up":[{"embeddable":true,"href":"https:\/\/memorylossfoundation.org\/es\/wp-json\/wp\/v2\/pages\/845"}],"wp:attachment":[{"href":"https:\/\/memorylossfoundation.org\/es\/wp-json\/wp\/v2\/media?parent=826"}],"wp:term":[{"taxonomy":"hf_cat_page","embeddable":true,"href":"https:\/\/memorylossfoundation.org\/es\/wp-json\/wp\/v2\/hf_cat_page?post=826"}],"curies":[{"name":"wp","href":"https:\/\/api.w.org\/{rel}","templated":true}]}}