{"id":832,"date":"2025-09-24T09:42:48","date_gmt":"2025-09-24T16:42:48","guid":{"rendered":"https:\/\/memorylossfoundation.org\/es-normal-la-perdida-de-memoria\/"},"modified":"2026-03-10T08:45:55","modified_gmt":"2026-03-10T15:45:55","slug":"es-normal-la-perdida-de-memoria","status":"publish","type":"page","link":"https:\/\/memorylossfoundation.org\/es\/es-normal-la-perdida-de-memoria\/","title":{"rendered":"\u00bfEs normal la p\u00e9rdida de memoria?"},"content":{"rendered":"\n<p>Si usted o alguien que conoce tiene dificultades para recordar cosas, no es necesariamente un motivo de preocupaci\u00f3n. A medida que envejecemos, nuestros cuerpos cambian, lo que afecta a nuestras capacidades de muchas maneras. Y dado que nuestros cerebros forman parte de nuestro cuerpo, envejecer tambi\u00e9n significa que nuestras capacidades cognitivas cambian.  <sup><a href=\"#References\" data-type=\"internal\" data-id=\"#References\">3<\/a><\/sup><\/p>\n\n<p>Incluso en el envejecimiento \u00abnormal\u00bb, esto significa que nuestra capacidad para aprender y recordar informaci\u00f3n disminuye con el tiempo. Por lo tanto, es completamente normal que alguien olvide ocasionalmente d\u00f3nde puso las llaves del coche, tenga dificultades para encontrar la palabra adecuada durante una conversaci\u00f3n o olvide el nombre de alguien. Estos peque\u00f1os detalles simplemente no eran lo suficientemente importantes como para que su cerebro los recordara o los evocara r\u00e1pidamente.  <sup><a href=\"#References\" data-type=\"internal\" data-id=\"#References\">4<\/a><\/sup><\/p>\n\n<h2 class=\"wp-block-heading\">Cuando la p\u00e9rdida de memoria no es normal<\/h2>\n\n<p>Sin embargo, en el envejecimiento \u00abanormal\u00bb causado por un trastorno cognitivo, los cambios se vuelven m\u00e1s graves. Es posible que alguien no sepa qu\u00e9 son las llaves de un coche, olvide conversaciones recientes o no reconozca a alguien a quien conoce muy bien. <sup><a href=\"#References\">5<\/a><\/sup><\/p>\n\n<p>El diagn\u00f3stico precoz de un trastorno cognitivo es muy dif\u00edcil porque las primeras etapas de la enfermedad se parecen mucho al envejecimiento normal.<\/p>\n<div class=\"wp-block-image\">\n<figure class=\"aligncenter size-full\"><img loading=\"lazy\" decoding=\"async\" width=\"984\" height=\"693\" src=\"https:\/\/memorylossfoundation.org\/wp-content\/uploads\/Phases-of-cognitive-decline-graph.jpg\" alt=\"Gr&#xE1;fico de las fases del deterioro cognitivo a lo largo del tiempo\" class=\"wp-image-454\" srcset=\"https:\/\/memorylossfoundation.org\/wp-content\/uploads\/Phases-of-cognitive-decline-graph.jpg 984w, https:\/\/memorylossfoundation.org\/wp-content\/uploads\/Phases-of-cognitive-decline-graph-960x676.jpg 960w, https:\/\/memorylossfoundation.org\/wp-content\/uploads\/Phases-of-cognitive-decline-graph-768x541.jpg 768w\" sizes=\"auto, (max-width: 984px) 100vw, 984px\" \/><\/figure>\n<\/div>\n<p>No es hasta que la enfermedad progresa cuando los s\u00edntomas de un trastorno cognitivo se vuelven distintos del envejecimiento normal. Esta fase, a menudo denominada \u00abDeterioro Cognitivo Leve\u00bb o \u00abDCL\u00bb, es tambi\u00e9n cuando los s\u00edntomas se vuelven lo suficientemente pronunciados como para que otros puedan notarlos. <sup><a href=\"#References\">6<\/a><\/sup><\/p>\n\n<h2 class=\"wp-block-heading\">La p\u00e9rdida de memoria es solo un s\u00edntoma.<\/h2>\n\n<p>La p\u00e9rdida de memoria no es el \u00fanico signo de un posible trastorno cognitivo. Otros s\u00edntomas incluyen la p\u00e9rdida de concentraci\u00f3n u organizaci\u00f3n, la incapacidad para resolver problemas, alucinaciones, movimientos f\u00edsicos lentos o descoordinados, comportamiento inapropiado y cambios en la personalidad de alguien que empeoran con el tiempo. <sup><a href=\"#References\">7<\/a><\/sup><\/p>\n\n<p>Si le preocupa alguno de estos s\u00edntomas en usted mismo o en alguien que conoce, es importante recordar que los trastornos cognitivos no pueden autodiagnosticarse. El cerebro es una parte extremadamente compleja de nuestro cuerpo, por lo que determinar si hay problemas en \u00e9l requiere un m\u00e9dico especializado. <\/p>\n","protected":false},"excerpt":{"rendered":"<p>Si usted o alguien que conoce tiene dificultades para recordar cosas, no es necesariamente un motivo de preocupaci\u00f3n. A medida que envejecemos, nuestros cuerpos cambian, lo que afecta a nuestras capacidades de muchas maneras. Y dado que nuestros cerebros forman parte de nuestro cuerpo, envejecer tambi\u00e9n significa que nuestras capacidades cognitivas cambian. 3 Incluso en [&hellip;]<\/p>\n","protected":false},"author":1,"featured_media":0,"parent":0,"menu_order":7,"comment_status":"closed","ping_status":"closed","template":"","meta":{"_acf_changed":false,"footnotes":""},"hf_cat_page":[48],"class_list":["post-832","page","type-page","status-publish","hentry"],"acf":[],"yoast_head":"<!-- This site is optimized with the Yoast SEO plugin v27.4 - https:\/\/yoast.com\/product\/yoast-seo-wordpress\/ -->\n<title>\u00bfEs normal la p\u00e9rdida de memoria? | American Memory Loss Foundation<\/title>\n<meta name=\"description\" content=\"Conozca qu\u00e9 tipos de p\u00e9rdida de memoria son normales con la edad y cu\u00e1ndo el olvido podr\u00eda ser un signo de algo m\u00e1s grave.\" \/>\n<meta name=\"robots\" content=\"noindex, follow, max-snippet:-1, max-image-preview:large, max-video-preview:-1\" \/>\n<meta property=\"og:locale\" content=\"es_ES\" \/>\n<meta property=\"og:type\" content=\"article\" \/>\n<meta property=\"og:title\" content=\"\u00bfEs normal la p\u00e9rdida de memoria? | American Memory Loss Foundation\" \/>\n<meta property=\"og:description\" content=\"Conozca qu\u00e9 tipos de p\u00e9rdida de memoria son normales con la edad y cu\u00e1ndo el olvido podr\u00eda ser un signo de algo m\u00e1s grave.\" \/>\n<meta property=\"og:url\" content=\"https:\/\/memorylossfoundation.org\/es\/es-normal-la-perdida-de-memoria\/\" \/>\n<meta property=\"og:site_name\" content=\"American Memory Loss Foundation\" \/>\n<meta property=\"article:modified_time\" content=\"2026-03-10T15:45:55+00:00\" \/>\n<meta property=\"og:image\" content=\"https:\/\/memorylossfoundation.org\/wp-content\/uploads\/Phases-of-cognitive-decline-graph.jpg\" \/>\n\t<meta property=\"og:image:width\" content=\"984\" \/>\n\t<meta property=\"og:image:height\" content=\"693\" \/>\n\t<meta property=\"og:image:type\" content=\"image\/jpeg\" \/>\n<meta name=\"twitter:card\" content=\"summary_large_image\" \/>\n<meta name=\"twitter:label1\" content=\"Tiempo de lectura\" \/>\n\t<meta name=\"twitter:data1\" content=\"2 minutos\" \/>\n<script type=\"application\/ld+json\" class=\"yoast-schema-graph\">{\"@context\":\"https:\\\/\\\/schema.org\",\"@graph\":[{\"@type\":\"WebPage\",\"@id\":\"https:\\\/\\\/memorylossfoundation.org\\\/es\\\/es-normal-la-perdida-de-memoria\\\/\",\"url\":\"https:\\\/\\\/memorylossfoundation.org\\\/es\\\/es-normal-la-perdida-de-memoria\\\/\",\"name\":\"\u00bfEs normal la p\u00e9rdida de memoria? | American Memory Loss Foundation\",\"isPartOf\":{\"@id\":\"https:\\\/\\\/memorylossfoundation.org\\\/es\\\/#website\"},\"primaryImageOfPage\":{\"@id\":\"https:\\\/\\\/memorylossfoundation.org\\\/es\\\/es-normal-la-perdida-de-memoria\\\/#primaryimage\"},\"image\":{\"@id\":\"https:\\\/\\\/memorylossfoundation.org\\\/es\\\/es-normal-la-perdida-de-memoria\\\/#primaryimage\"},\"thumbnailUrl\":\"https:\\\/\\\/memorylossfoundation.org\\\/wp-content\\\/uploads\\\/Phases-of-cognitive-decline-graph.jpg\",\"datePublished\":\"2025-09-24T16:42:48+00:00\",\"dateModified\":\"2026-03-10T15:45:55+00:00\",\"description\":\"Conozca qu\u00e9 tipos de p\u00e9rdida de memoria son normales con la edad y cu\u00e1ndo el olvido podr\u00eda ser un signo de algo m\u00e1s grave.\",\"breadcrumb\":{\"@id\":\"https:\\\/\\\/memorylossfoundation.org\\\/es\\\/es-normal-la-perdida-de-memoria\\\/#breadcrumb\"},\"inLanguage\":\"es\",\"potentialAction\":[{\"@type\":\"ReadAction\",\"target\":[\"https:\\\/\\\/memorylossfoundation.org\\\/es\\\/es-normal-la-perdida-de-memoria\\\/\"]}]},{\"@type\":\"ImageObject\",\"inLanguage\":\"es\",\"@id\":\"https:\\\/\\\/memorylossfoundation.org\\\/es\\\/es-normal-la-perdida-de-memoria\\\/#primaryimage\",\"url\":\"https:\\\/\\\/memorylossfoundation.org\\\/wp-content\\\/uploads\\\/Phases-of-cognitive-decline-graph.jpg\",\"contentUrl\":\"https:\\\/\\\/memorylossfoundation.org\\\/wp-content\\\/uploads\\\/Phases-of-cognitive-decline-graph.jpg\"},{\"@type\":\"BreadcrumbList\",\"@id\":\"https:\\\/\\\/memorylossfoundation.org\\\/es\\\/es-normal-la-perdida-de-memoria\\\/#breadcrumb\",\"itemListElement\":[{\"@type\":\"ListItem\",\"position\":1,\"name\":\"Home\",\"item\":\"https:\\\/\\\/memorylossfoundation.org\\\/es\\\/\"},{\"@type\":\"ListItem\",\"position\":2,\"name\":\"\u00bfEs normal la p\u00e9rdida de memoria?\"}]},{\"@type\":\"WebSite\",\"@id\":\"https:\\\/\\\/memorylossfoundation.org\\\/es\\\/#website\",\"url\":\"https:\\\/\\\/memorylossfoundation.org\\\/es\\\/\",\"name\":\"American Memory Loss Foundation\",\"description\":\"Memory loss can be frustrating. Getting help shouldn&#039;t be.\",\"publisher\":{\"@id\":\"https:\\\/\\\/memorylossfoundation.org\\\/es\\\/#organization\"},\"potentialAction\":[{\"@type\":\"SearchAction\",\"target\":{\"@type\":\"EntryPoint\",\"urlTemplate\":\"https:\\\/\\\/memorylossfoundation.org\\\/es\\\/?s={search_term_string}\"},\"query-input\":{\"@type\":\"PropertyValueSpecification\",\"valueRequired\":true,\"valueName\":\"search_term_string\"}}],\"inLanguage\":\"es\"},{\"@type\":\"Organization\",\"@id\":\"https:\\\/\\\/memorylossfoundation.org\\\/es\\\/#organization\",\"name\":\"American Memory Loss Foundation\",\"url\":\"https:\\\/\\\/memorylossfoundation.org\\\/es\\\/\",\"logo\":{\"@type\":\"ImageObject\",\"inLanguage\":\"es\",\"@id\":\"https:\\\/\\\/memorylossfoundation.org\\\/es\\\/#\\\/schema\\\/logo\\\/image\\\/\",\"url\":\"https:\\\/\\\/memorylossfoundation.org\\\/wp-content\\\/uploads\\\/AMLF_logo_blue_box.png\",\"contentUrl\":\"https:\\\/\\\/memorylossfoundation.org\\\/wp-content\\\/uploads\\\/AMLF_logo_blue_box.png\",\"width\":1920,\"height\":1067,\"caption\":\"American Memory Loss Foundation\"},\"image\":{\"@id\":\"https:\\\/\\\/memorylossfoundation.org\\\/es\\\/#\\\/schema\\\/logo\\\/image\\\/\"}}]}<\/script>\n<!-- \/ Yoast SEO plugin. -->","yoast_head_json":{"title":"\u00bfEs normal la p\u00e9rdida de memoria? | American Memory Loss Foundation","description":"Conozca qu\u00e9 tipos de p\u00e9rdida de memoria son normales con la edad y cu\u00e1ndo el olvido podr\u00eda ser un signo de algo m\u00e1s grave.","robots":{"index":"noindex","follow":"follow","max-snippet":"max-snippet:-1","max-image-preview":"max-image-preview:large","max-video-preview":"max-video-preview:-1"},"og_locale":"es_ES","og_type":"article","og_title":"\u00bfEs normal la p\u00e9rdida de memoria? | American Memory Loss Foundation","og_description":"Conozca qu\u00e9 tipos de p\u00e9rdida de memoria son normales con la edad y cu\u00e1ndo el olvido podr\u00eda ser un signo de algo m\u00e1s grave.","og_url":"https:\/\/memorylossfoundation.org\/es\/es-normal-la-perdida-de-memoria\/","og_site_name":"American Memory Loss Foundation","article_modified_time":"2026-03-10T15:45:55+00:00","og_image":[{"width":984,"height":693,"url":"https:\/\/memorylossfoundation.org\/wp-content\/uploads\/Phases-of-cognitive-decline-graph.jpg","type":"image\/jpeg"}],"twitter_card":"summary_large_image","twitter_misc":{"Tiempo de lectura":"2 minutos"},"schema":{"@context":"https:\/\/schema.org","@graph":[{"@type":"WebPage","@id":"https:\/\/memorylossfoundation.org\/es\/es-normal-la-perdida-de-memoria\/","url":"https:\/\/memorylossfoundation.org\/es\/es-normal-la-perdida-de-memoria\/","name":"\u00bfEs normal la p\u00e9rdida de memoria? | American Memory Loss Foundation","isPartOf":{"@id":"https:\/\/memorylossfoundation.org\/es\/#website"},"primaryImageOfPage":{"@id":"https:\/\/memorylossfoundation.org\/es\/es-normal-la-perdida-de-memoria\/#primaryimage"},"image":{"@id":"https:\/\/memorylossfoundation.org\/es\/es-normal-la-perdida-de-memoria\/#primaryimage"},"thumbnailUrl":"https:\/\/memorylossfoundation.org\/wp-content\/uploads\/Phases-of-cognitive-decline-graph.jpg","datePublished":"2025-09-24T16:42:48+00:00","dateModified":"2026-03-10T15:45:55+00:00","description":"Conozca qu\u00e9 tipos de p\u00e9rdida de memoria son normales con la edad y cu\u00e1ndo el olvido podr\u00eda ser un signo de algo m\u00e1s grave.","breadcrumb":{"@id":"https:\/\/memorylossfoundation.org\/es\/es-normal-la-perdida-de-memoria\/#breadcrumb"},"inLanguage":"es","potentialAction":[{"@type":"ReadAction","target":["https:\/\/memorylossfoundation.org\/es\/es-normal-la-perdida-de-memoria\/"]}]},{"@type":"ImageObject","inLanguage":"es","@id":"https:\/\/memorylossfoundation.org\/es\/es-normal-la-perdida-de-memoria\/#primaryimage","url":"https:\/\/memorylossfoundation.org\/wp-content\/uploads\/Phases-of-cognitive-decline-graph.jpg","contentUrl":"https:\/\/memorylossfoundation.org\/wp-content\/uploads\/Phases-of-cognitive-decline-graph.jpg"},{"@type":"BreadcrumbList","@id":"https:\/\/memorylossfoundation.org\/es\/es-normal-la-perdida-de-memoria\/#breadcrumb","itemListElement":[{"@type":"ListItem","position":1,"name":"Home","item":"https:\/\/memorylossfoundation.org\/es\/"},{"@type":"ListItem","position":2,"name":"\u00bfEs normal la p\u00e9rdida de memoria?"}]},{"@type":"WebSite","@id":"https:\/\/memorylossfoundation.org\/es\/#website","url":"https:\/\/memorylossfoundation.org\/es\/","name":"American Memory Loss Foundation","description":"Memory loss can be frustrating. Getting help shouldn&#039;t be.","publisher":{"@id":"https:\/\/memorylossfoundation.org\/es\/#organization"},"potentialAction":[{"@type":"SearchAction","target":{"@type":"EntryPoint","urlTemplate":"https:\/\/memorylossfoundation.org\/es\/?s={search_term_string}"},"query-input":{"@type":"PropertyValueSpecification","valueRequired":true,"valueName":"search_term_string"}}],"inLanguage":"es"},{"@type":"Organization","@id":"https:\/\/memorylossfoundation.org\/es\/#organization","name":"American Memory Loss Foundation","url":"https:\/\/memorylossfoundation.org\/es\/","logo":{"@type":"ImageObject","inLanguage":"es","@id":"https:\/\/memorylossfoundation.org\/es\/#\/schema\/logo\/image\/","url":"https:\/\/memorylossfoundation.org\/wp-content\/uploads\/AMLF_logo_blue_box.png","contentUrl":"https:\/\/memorylossfoundation.org\/wp-content\/uploads\/AMLF_logo_blue_box.png","width":1920,"height":1067,"caption":"American Memory Loss Foundation"},"image":{"@id":"https:\/\/memorylossfoundation.org\/es\/#\/schema\/logo\/image\/"}}]}},"_links":{"self":[{"href":"https:\/\/memorylossfoundation.org\/es\/wp-json\/wp\/v2\/pages\/832","targetHints":{"allow":["GET"]}}],"collection":[{"href":"https:\/\/memorylossfoundation.org\/es\/wp-json\/wp\/v2\/pages"}],"about":[{"href":"https:\/\/memorylossfoundation.org\/es\/wp-json\/wp\/v2\/types\/page"}],"author":[{"embeddable":true,"href":"https:\/\/memorylossfoundation.org\/es\/wp-json\/wp\/v2\/users\/1"}],"replies":[{"embeddable":true,"href":"https:\/\/memorylossfoundation.org\/es\/wp-json\/wp\/v2\/comments?post=832"}],"version-history":[{"count":1,"href":"https:\/\/memorylossfoundation.org\/es\/wp-json\/wp\/v2\/pages\/832\/revisions"}],"predecessor-version":[{"id":834,"href":"https:\/\/memorylossfoundation.org\/es\/wp-json\/wp\/v2\/pages\/832\/revisions\/834"}],"wp:attachment":[{"href":"https:\/\/memorylossfoundation.org\/es\/wp-json\/wp\/v2\/media?parent=832"}],"wp:term":[{"taxonomy":"hf_cat_page","embeddable":true,"href":"https:\/\/memorylossfoundation.org\/es\/wp-json\/wp\/v2\/hf_cat_page?post=832"}],"curies":[{"name":"wp","href":"https:\/\/api.w.org\/{rel}","templated":true}]}}