{"id":836,"date":"2025-09-21T09:07:58","date_gmt":"2025-09-21T16:07:58","guid":{"rendered":"https:\/\/memorylossfoundation.org\/los-tres-tipos-de-memoria\/memoria-procedimental\/"},"modified":"2026-04-04T20:38:48","modified_gmt":"2026-04-05T03:38:48","slug":"memoria-procedimental","status":"publish","type":"page","link":"https:\/\/memorylossfoundation.org\/es\/como-funciona-la-memoria\/los-tres-tipos-de-memoria\/memoria-procedimental\/","title":{"rendered":"Memoria procedimental"},"content":{"rendered":"\n<p>Los recuerdos <strong>procedimentales <\/strong>son aquellos recuerdos <em>impl\u00edcitos<\/em> que nuestro cerebro recuerda y utiliza, aunque no seamos conscientes de ello. Un gran ejemplo de memoria procedimental es c\u00f3mo montar en bicicleta. Cuando vas en bici, no piensas conscientemente c\u00f3mo pedalear, c\u00f3mo girar o incluso cu\u00e1nto inclinarte en una curva, pero tu cerebro s\u00ed lo hace.   Y para ello recuerda recuerdos procedimentales que hiciste cuando eras m\u00e1s joven.  <\/p>\n\n<p>Otros ejemplos de memorias procedimentales incluyen c\u00f3mo escribir en un teclado de ordenador, c\u00f3mo tocar un instrumento musical o c\u00f3mo orientarse en su vecindario. Al igual que con el ciclismo, su cerebro recuerda y utiliza esta informaci\u00f3n sin que usted sea consciente. Esto nos permite centrar nuestros pensamientos conscientes en tareas m\u00e1s desafiantes o din\u00e1micas.  <\/p>\n\n<p>En contraste, los otros dos tipos generales de memoria (sem\u00e1ntica y epis\u00f3dica) son <em>expl\u00edcitos<\/em>, es decir, aquellas memorias de las que somos conscientes.<\/p>\n","protected":false},"excerpt":{"rendered":"<p>Esta es la memoria de habilidades y h\u00e1bitos. Nos permite realizar tareas como montar en bicicleta, tocar un instrumento o escribir en un teclado, a menudo sin pensamiento consciente una vez que se aprende la habilidad. <\/p>\n","protected":false},"author":1,"featured_media":0,"parent":835,"menu_order":4,"comment_status":"closed","ping_status":"closed","template":"","meta":{"_acf_changed":false,"footnotes":""},"hf_cat_page":[49,48],"class_list":["post-836","page","type-page","status-publish","hentry"],"acf":[],"yoast_head":"<!-- This site is optimized with the Yoast SEO plugin v27.4 - https:\/\/yoast.com\/product\/yoast-seo-wordpress\/ -->\n<title>\u00bfQu\u00e9 es la memoria procedimental? | American Memory Loss Foundation<\/title>\n<meta name=\"description\" content=\"Descubra c\u00f3mo la memoria procedimental almacena habilidades y h\u00e1bitos aprendidos que le permiten realizar tareas cotidianas de forma autom\u00e1tica.\" \/>\n<meta name=\"robots\" content=\"noindex, follow, max-snippet:-1, max-image-preview:large, max-video-preview:-1\" \/>\n<meta property=\"og:locale\" content=\"es_ES\" \/>\n<meta property=\"og:type\" content=\"article\" \/>\n<meta property=\"og:title\" content=\"\u00bfQu\u00e9 es la memoria procedimental? | American Memory Loss Foundation\" \/>\n<meta property=\"og:description\" content=\"Descubra c\u00f3mo la memoria procedimental almacena habilidades y h\u00e1bitos aprendidos que le permiten realizar tareas cotidianas de forma autom\u00e1tica.\" \/>\n<meta property=\"og:url\" content=\"https:\/\/memorylossfoundation.org\/es\/como-funciona-la-memoria\/los-tres-tipos-de-memoria\/memoria-procedimental\/\" \/>\n<meta property=\"og:site_name\" content=\"American Memory Loss Foundation\" \/>\n<meta property=\"article:modified_time\" content=\"2026-04-05T03:38:48+00:00\" \/>\n<meta name=\"twitter:card\" content=\"summary_large_image\" \/>\n<meta name=\"twitter:label1\" content=\"Tiempo de lectura\" \/>\n\t<meta name=\"twitter:data1\" content=\"1 minuto\" \/>\n<script type=\"application\/ld+json\" class=\"yoast-schema-graph\">{\"@context\":\"https:\\\/\\\/schema.org\",\"@graph\":[{\"@type\":\"WebPage\",\"@id\":\"https:\\\/\\\/memorylossfoundation.org\\\/es\\\/como-funciona-la-memoria\\\/los-tres-tipos-de-memoria\\\/memoria-procedimental\\\/\",\"url\":\"https:\\\/\\\/memorylossfoundation.org\\\/es\\\/como-funciona-la-memoria\\\/los-tres-tipos-de-memoria\\\/memoria-procedimental\\\/\",\"name\":\"\u00bfQu\u00e9 es la memoria procedimental? | American Memory Loss Foundation\",\"isPartOf\":{\"@id\":\"https:\\\/\\\/memorylossfoundation.org\\\/es\\\/#website\"},\"datePublished\":\"2025-09-21T16:07:58+00:00\",\"dateModified\":\"2026-04-05T03:38:48+00:00\",\"description\":\"Descubra c\u00f3mo la memoria procedimental almacena habilidades y h\u00e1bitos aprendidos que le permiten realizar tareas cotidianas de forma autom\u00e1tica.\",\"breadcrumb\":{\"@id\":\"https:\\\/\\\/memorylossfoundation.org\\\/es\\\/como-funciona-la-memoria\\\/los-tres-tipos-de-memoria\\\/memoria-procedimental\\\/#breadcrumb\"},\"inLanguage\":\"es\",\"potentialAction\":[{\"@type\":\"ReadAction\",\"target\":[\"https:\\\/\\\/memorylossfoundation.org\\\/es\\\/como-funciona-la-memoria\\\/los-tres-tipos-de-memoria\\\/memoria-procedimental\\\/\"]}]},{\"@type\":\"BreadcrumbList\",\"@id\":\"https:\\\/\\\/memorylossfoundation.org\\\/es\\\/como-funciona-la-memoria\\\/los-tres-tipos-de-memoria\\\/memoria-procedimental\\\/#breadcrumb\",\"itemListElement\":[{\"@type\":\"ListItem\",\"position\":1,\"name\":\"Home\",\"item\":\"https:\\\/\\\/memorylossfoundation.org\\\/es\\\/\"},{\"@type\":\"ListItem\",\"position\":2,\"name\":\"C\u00f3mo funciona la memoria\",\"item\":\"https:\\\/\\\/memorylossfoundation.org\\\/es\\\/como-funciona-la-memoria\\\/\"},{\"@type\":\"ListItem\",\"position\":3,\"name\":\"Los tres tipos de memoria\",\"item\":\"https:\\\/\\\/memorylossfoundation.org\\\/es\\\/como-funciona-la-memoria\\\/los-tres-tipos-de-memoria\\\/\"},{\"@type\":\"ListItem\",\"position\":4,\"name\":\"Memoria procedimental\"}]},{\"@type\":\"WebSite\",\"@id\":\"https:\\\/\\\/memorylossfoundation.org\\\/es\\\/#website\",\"url\":\"https:\\\/\\\/memorylossfoundation.org\\\/es\\\/\",\"name\":\"American Memory Loss Foundation\",\"description\":\"Memory loss can be frustrating. Getting help shouldn&#039;t be.\",\"publisher\":{\"@id\":\"https:\\\/\\\/memorylossfoundation.org\\\/es\\\/#organization\"},\"potentialAction\":[{\"@type\":\"SearchAction\",\"target\":{\"@type\":\"EntryPoint\",\"urlTemplate\":\"https:\\\/\\\/memorylossfoundation.org\\\/es\\\/?s={search_term_string}\"},\"query-input\":{\"@type\":\"PropertyValueSpecification\",\"valueRequired\":true,\"valueName\":\"search_term_string\"}}],\"inLanguage\":\"es\"},{\"@type\":\"Organization\",\"@id\":\"https:\\\/\\\/memorylossfoundation.org\\\/es\\\/#organization\",\"name\":\"American Memory Loss Foundation\",\"url\":\"https:\\\/\\\/memorylossfoundation.org\\\/es\\\/\",\"logo\":{\"@type\":\"ImageObject\",\"inLanguage\":\"es\",\"@id\":\"https:\\\/\\\/memorylossfoundation.org\\\/es\\\/#\\\/schema\\\/logo\\\/image\\\/\",\"url\":\"https:\\\/\\\/memorylossfoundation.org\\\/wp-content\\\/uploads\\\/AMLF_logo_blue_box.png\",\"contentUrl\":\"https:\\\/\\\/memorylossfoundation.org\\\/wp-content\\\/uploads\\\/AMLF_logo_blue_box.png\",\"width\":1920,\"height\":1067,\"caption\":\"American Memory Loss Foundation\"},\"image\":{\"@id\":\"https:\\\/\\\/memorylossfoundation.org\\\/es\\\/#\\\/schema\\\/logo\\\/image\\\/\"}}]}<\/script>\n<!-- \/ Yoast SEO plugin. -->","yoast_head_json":{"title":"\u00bfQu\u00e9 es la memoria procedimental? | American Memory Loss Foundation","description":"Descubra c\u00f3mo la memoria procedimental almacena habilidades y h\u00e1bitos aprendidos que le permiten realizar tareas cotidianas de forma autom\u00e1tica.","robots":{"index":"noindex","follow":"follow","max-snippet":"max-snippet:-1","max-image-preview":"max-image-preview:large","max-video-preview":"max-video-preview:-1"},"og_locale":"es_ES","og_type":"article","og_title":"\u00bfQu\u00e9 es la memoria procedimental? | American Memory Loss Foundation","og_description":"Descubra c\u00f3mo la memoria procedimental almacena habilidades y h\u00e1bitos aprendidos que le permiten realizar tareas cotidianas de forma autom\u00e1tica.","og_url":"https:\/\/memorylossfoundation.org\/es\/como-funciona-la-memoria\/los-tres-tipos-de-memoria\/memoria-procedimental\/","og_site_name":"American Memory Loss Foundation","article_modified_time":"2026-04-05T03:38:48+00:00","twitter_card":"summary_large_image","twitter_misc":{"Tiempo de lectura":"1 minuto"},"schema":{"@context":"https:\/\/schema.org","@graph":[{"@type":"WebPage","@id":"https:\/\/memorylossfoundation.org\/es\/como-funciona-la-memoria\/los-tres-tipos-de-memoria\/memoria-procedimental\/","url":"https:\/\/memorylossfoundation.org\/es\/como-funciona-la-memoria\/los-tres-tipos-de-memoria\/memoria-procedimental\/","name":"\u00bfQu\u00e9 es la memoria procedimental? | American Memory Loss Foundation","isPartOf":{"@id":"https:\/\/memorylossfoundation.org\/es\/#website"},"datePublished":"2025-09-21T16:07:58+00:00","dateModified":"2026-04-05T03:38:48+00:00","description":"Descubra c\u00f3mo la memoria procedimental almacena habilidades y h\u00e1bitos aprendidos que le permiten realizar tareas cotidianas de forma autom\u00e1tica.","breadcrumb":{"@id":"https:\/\/memorylossfoundation.org\/es\/como-funciona-la-memoria\/los-tres-tipos-de-memoria\/memoria-procedimental\/#breadcrumb"},"inLanguage":"es","potentialAction":[{"@type":"ReadAction","target":["https:\/\/memorylossfoundation.org\/es\/como-funciona-la-memoria\/los-tres-tipos-de-memoria\/memoria-procedimental\/"]}]},{"@type":"BreadcrumbList","@id":"https:\/\/memorylossfoundation.org\/es\/como-funciona-la-memoria\/los-tres-tipos-de-memoria\/memoria-procedimental\/#breadcrumb","itemListElement":[{"@type":"ListItem","position":1,"name":"Home","item":"https:\/\/memorylossfoundation.org\/es\/"},{"@type":"ListItem","position":2,"name":"C\u00f3mo funciona la memoria","item":"https:\/\/memorylossfoundation.org\/es\/como-funciona-la-memoria\/"},{"@type":"ListItem","position":3,"name":"Los tres tipos de memoria","item":"https:\/\/memorylossfoundation.org\/es\/como-funciona-la-memoria\/los-tres-tipos-de-memoria\/"},{"@type":"ListItem","position":4,"name":"Memoria procedimental"}]},{"@type":"WebSite","@id":"https:\/\/memorylossfoundation.org\/es\/#website","url":"https:\/\/memorylossfoundation.org\/es\/","name":"American Memory Loss Foundation","description":"Memory loss can be frustrating. Getting help shouldn&#039;t be.","publisher":{"@id":"https:\/\/memorylossfoundation.org\/es\/#organization"},"potentialAction":[{"@type":"SearchAction","target":{"@type":"EntryPoint","urlTemplate":"https:\/\/memorylossfoundation.org\/es\/?s={search_term_string}"},"query-input":{"@type":"PropertyValueSpecification","valueRequired":true,"valueName":"search_term_string"}}],"inLanguage":"es"},{"@type":"Organization","@id":"https:\/\/memorylossfoundation.org\/es\/#organization","name":"American Memory Loss Foundation","url":"https:\/\/memorylossfoundation.org\/es\/","logo":{"@type":"ImageObject","inLanguage":"es","@id":"https:\/\/memorylossfoundation.org\/es\/#\/schema\/logo\/image\/","url":"https:\/\/memorylossfoundation.org\/wp-content\/uploads\/AMLF_logo_blue_box.png","contentUrl":"https:\/\/memorylossfoundation.org\/wp-content\/uploads\/AMLF_logo_blue_box.png","width":1920,"height":1067,"caption":"American Memory Loss Foundation"},"image":{"@id":"https:\/\/memorylossfoundation.org\/es\/#\/schema\/logo\/image\/"}}]}},"_links":{"self":[{"href":"https:\/\/memorylossfoundation.org\/es\/wp-json\/wp\/v2\/pages\/836","targetHints":{"allow":["GET"]}}],"collection":[{"href":"https:\/\/memorylossfoundation.org\/es\/wp-json\/wp\/v2\/pages"}],"about":[{"href":"https:\/\/memorylossfoundation.org\/es\/wp-json\/wp\/v2\/types\/page"}],"author":[{"embeddable":true,"href":"https:\/\/memorylossfoundation.org\/es\/wp-json\/wp\/v2\/users\/1"}],"replies":[{"embeddable":true,"href":"https:\/\/memorylossfoundation.org\/es\/wp-json\/wp\/v2\/comments?post=836"}],"version-history":[{"count":2,"href":"https:\/\/memorylossfoundation.org\/es\/wp-json\/wp\/v2\/pages\/836\/revisions"}],"predecessor-version":[{"id":1343,"href":"https:\/\/memorylossfoundation.org\/es\/wp-json\/wp\/v2\/pages\/836\/revisions\/1343"}],"up":[{"embeddable":true,"href":"https:\/\/memorylossfoundation.org\/es\/wp-json\/wp\/v2\/pages\/835"}],"wp:attachment":[{"href":"https:\/\/memorylossfoundation.org\/es\/wp-json\/wp\/v2\/media?parent=836"}],"wp:term":[{"taxonomy":"hf_cat_page","embeddable":true,"href":"https:\/\/memorylossfoundation.org\/es\/wp-json\/wp\/v2\/hf_cat_page?post=836"}],"curies":[{"name":"wp","href":"https:\/\/api.w.org\/{rel}","templated":true}]}}