{"id":838,"date":"2025-09-23T09:09:02","date_gmt":"2025-09-23T16:09:02","guid":{"rendered":"https:\/\/memorylossfoundation.org\/los-tres-tipos-de-memoria\/memoria-episodica\/"},"modified":"2026-04-04T20:38:47","modified_gmt":"2026-04-05T03:38:47","slug":"memoria-episodica","status":"publish","type":"page","link":"https:\/\/memorylossfoundation.org\/es\/como-funciona-la-memoria\/los-tres-tipos-de-memoria\/memoria-episodica\/","title":{"rendered":"Memoria epis\u00f3dica"},"content":{"rendered":"\n<p>El tercer tipo principal de recuerdos son los recuerdos <strong>epis\u00f3dicos<\/strong>. A menudo se les denomina recuerdos \u201cautobiogr\u00e1ficos\u201d porque son memorias de cosas que hemos experimentado personalmente. Lo que vimos. Lo que o\u00edmos. Lo que hicimos. Este tipo de memoria est\u00e1 m\u00e1s estrechamente asociado con nuestro sentido del yo porque es la narrativa de nuestras vidas. Adem\u00e1s, es la memoria epis\u00f3dica la que nos permite viajar mentalmente en el tiempo para revivir algo que nos sucedi\u00f3 hace a\u00f1os (o d\u00e9cadas). <\/p>\n\n<p>Pero incluso nuestros recuerdos autobiogr\u00e1ficos m\u00e1s claros no son 100% epis\u00f3dicos. Dado que nuestros cerebros solo recuerdan lo que creen que ser\u00e1 importante para nosotros en el futuro, rara vez recordamos todos los detalles de algo que experimentamos. Por lo tanto, cuando recordamos algo que nos sucedi\u00f3 en el pasado, nuestros recuerdos epis\u00f3dicos suelen estar incompletos. Para compensar, nuestros cerebros rellenan autom\u00e1ticamente estas lagunas con recuerdos sem\u00e1nticos, incluidos hechos y los patrones comunes almacenados en esquemas. Esta combinaci\u00f3n nos permite recordar lo que parece ser un recuerdo completo. Pero como no est\u00e1 compuesto enteramente de los detalles espec\u00edficos almacenados en la memoria epis\u00f3dica, no ser\u00e1 necesariamente un reflejo preciso de lo que realmente sucedi\u00f3. <\/p>\n\n<p>Por ejemplo, si alguna vez ha estado en la isla grande de Haw\u00e1i, probablemente vol\u00f3 hacia y desde el aeropuerto internacional de Kona. Despu\u00e9s de pasar por el aeropuerto, su cerebro decidi\u00f3 si alg\u00fan detalle del aeropuerto era importante para su futuro. Si decidi\u00f3 que no lo era, entonces no guardar\u00eda ninguna informaci\u00f3n en su memoria epis\u00f3dica. <\/p>\n\n<p>Por lo tanto, m\u00e1s tarde, cuando intente recordar c\u00f3mo era la zona de embarque del aeropuerto de Kona, probablemente la recordar\u00eda como similar a la mayor\u00eda de los aeropuertos que ha visitado (bas\u00e1ndose en su memoria sem\u00e1ntica): filas y filas de inc\u00f3modas sillas negras, restaurantes y tiendas con precios excesivos, y una larga pasarela cerrada que le lleva desde la puerta hasta el avi\u00f3n. Esto, a pesar de que el aeropuerto internacional de Kona est\u00e1 casi completamente al aire libre, con bancos de madera en lugar de sillas y, para abordar su avi\u00f3n, camina sobre la pista y luego sube por una rampa port\u00e1til. <\/p>\n\n<figure class=\"wp-block-image size-full\"><img loading=\"lazy\" decoding=\"async\" width=\"1600\" height=\"1200\" src=\"https:\/\/memorylossfoundation.org\/wp-content\/uploads\/image.jpg\" alt=\"Zona de espera del aeropuerto de Kona: palmeras y plantas tropicales y personas esperando para embarcar\" class=\"wp-image-216\" srcset=\"https:\/\/memorylossfoundation.org\/wp-content\/uploads\/image.jpg 1600w, https:\/\/memorylossfoundation.org\/wp-content\/uploads\/image-960x720.jpg 960w, https:\/\/memorylossfoundation.org\/wp-content\/uploads\/image-768x576.jpg 768w, https:\/\/memorylossfoundation.org\/wp-content\/uploads\/image-1536x1152.jpg 1536w\" sizes=\"auto, (max-width: 1600px) 100vw, 1600px\" \/><\/figure>\n\n<figure class=\"wp-block-image size-full\"><img loading=\"lazy\" decoding=\"async\" width=\"1600\" height=\"1200\" src=\"https:\/\/memorylossfoundation.org\/wp-content\/uploads\/image-1.jpg\" alt=\"Aeropuerto de Kona: viajeros subiendo al avi&#xF3;n de United\" class=\"wp-image-217\" srcset=\"https:\/\/memorylossfoundation.org\/wp-content\/uploads\/image-1.jpg 1600w, https:\/\/memorylossfoundation.org\/wp-content\/uploads\/image-1-960x720.jpg 960w, https:\/\/memorylossfoundation.org\/wp-content\/uploads\/image-1-768x576.jpg 768w, https:\/\/memorylossfoundation.org\/wp-content\/uploads\/image-1-1536x1152.jpg 1536w\" sizes=\"auto, (max-width: 1600px) 100vw, 1600px\" \/><\/figure>\n\n<p>Para usted, el recuerdo puede parecer muy claro, sin ning\u00fan indicio de que sea un compuesto o de que no sea un reflejo preciso de lo que experiment\u00f3 personalmente. Y, la mayor\u00eda de las veces, esta ficci\u00f3n creada por nuestros cerebros no es gran cosa. Cumple su prop\u00f3sito: ayudarnos r\u00e1pidamente a navegar por nuestro mundo. <\/p>\n\n<p>Pero cuando nosotros (o alguien m\u00e1s) se\u00f1ala los fallos en nuestra memoria, puede resultar perturbador, porque \u201cnosotros\u201d estuvimos all\u00ed, pero no parecemos recordar lo que realmente sucedi\u00f3.<\/p>\n","protected":false},"excerpt":{"rendered":"<p>Esta es la memoria de experiencias personales y eventos espec\u00edficos. Nos permite recordar momentos de nuestras vidas, como una fiesta de cumplea\u00f1os, un viaje a la playa o lo que desayunamos ayer. La memoria epis\u00f3dica est\u00e1 profundamente vinculada a nuestro sentido del yo y la identidad.<\/p>\n","protected":false},"author":1,"featured_media":0,"parent":835,"menu_order":6,"comment_status":"closed","ping_status":"closed","template":"","meta":{"_acf_changed":false,"footnotes":""},"hf_cat_page":[49,48],"class_list":["post-838","page","type-page","status-publish","hentry"],"acf":[],"yoast_head":"<!-- This site is optimized with the Yoast SEO plugin v27.4 - https:\/\/yoast.com\/product\/yoast-seo-wordpress\/ -->\n<title>\u00bfQu\u00e9 es la memoria epis\u00f3dica? | American Memory Loss Foundation<\/title>\n<meta name=\"description\" content=\"Descubra c\u00f3mo la memoria epis\u00f3dica le permite recordar eventos y experiencias espec\u00edficas que dan forma a su historia personal.\" \/>\n<meta name=\"robots\" content=\"noindex, follow, max-snippet:-1, max-image-preview:large, max-video-preview:-1\" \/>\n<meta property=\"og:locale\" content=\"es_ES\" \/>\n<meta property=\"og:type\" content=\"article\" \/>\n<meta property=\"og:title\" content=\"\u00bfQu\u00e9 es la memoria epis\u00f3dica? | American Memory Loss Foundation\" \/>\n<meta property=\"og:description\" content=\"Descubra c\u00f3mo la memoria epis\u00f3dica le permite recordar eventos y experiencias espec\u00edficas que dan forma a su historia personal.\" \/>\n<meta property=\"og:url\" content=\"https:\/\/memorylossfoundation.org\/es\/como-funciona-la-memoria\/los-tres-tipos-de-memoria\/memoria-episodica\/\" \/>\n<meta property=\"og:site_name\" content=\"American Memory Loss Foundation\" \/>\n<meta property=\"article:modified_time\" content=\"2026-04-05T03:38:47+00:00\" \/>\n<meta property=\"og:image\" content=\"https:\/\/memorylossfoundation.org\/wp-content\/uploads\/image.jpg\" \/>\n\t<meta property=\"og:image:width\" content=\"1600\" \/>\n\t<meta property=\"og:image:height\" content=\"1200\" \/>\n\t<meta property=\"og:image:type\" content=\"image\/jpeg\" \/>\n<meta name=\"twitter:card\" content=\"summary_large_image\" \/>\n<meta name=\"twitter:label1\" content=\"Tiempo de lectura\" \/>\n\t<meta name=\"twitter:data1\" content=\"2 minutos\" \/>\n<script type=\"application\/ld+json\" class=\"yoast-schema-graph\">{\"@context\":\"https:\\\/\\\/schema.org\",\"@graph\":[{\"@type\":\"WebPage\",\"@id\":\"https:\\\/\\\/memorylossfoundation.org\\\/es\\\/como-funciona-la-memoria\\\/los-tres-tipos-de-memoria\\\/memoria-episodica\\\/\",\"url\":\"https:\\\/\\\/memorylossfoundation.org\\\/es\\\/como-funciona-la-memoria\\\/los-tres-tipos-de-memoria\\\/memoria-episodica\\\/\",\"name\":\"\u00bfQu\u00e9 es la memoria epis\u00f3dica? | American Memory Loss Foundation\",\"isPartOf\":{\"@id\":\"https:\\\/\\\/memorylossfoundation.org\\\/es\\\/#website\"},\"primaryImageOfPage\":{\"@id\":\"https:\\\/\\\/memorylossfoundation.org\\\/es\\\/como-funciona-la-memoria\\\/los-tres-tipos-de-memoria\\\/memoria-episodica\\\/#primaryimage\"},\"image\":{\"@id\":\"https:\\\/\\\/memorylossfoundation.org\\\/es\\\/como-funciona-la-memoria\\\/los-tres-tipos-de-memoria\\\/memoria-episodica\\\/#primaryimage\"},\"thumbnailUrl\":\"https:\\\/\\\/memorylossfoundation.org\\\/wp-content\\\/uploads\\\/image.jpg\",\"datePublished\":\"2025-09-23T16:09:02+00:00\",\"dateModified\":\"2026-04-05T03:38:47+00:00\",\"description\":\"Descubra c\u00f3mo la memoria epis\u00f3dica le permite recordar eventos y experiencias espec\u00edficas que dan forma a su historia personal.\",\"breadcrumb\":{\"@id\":\"https:\\\/\\\/memorylossfoundation.org\\\/es\\\/como-funciona-la-memoria\\\/los-tres-tipos-de-memoria\\\/memoria-episodica\\\/#breadcrumb\"},\"inLanguage\":\"es\",\"potentialAction\":[{\"@type\":\"ReadAction\",\"target\":[\"https:\\\/\\\/memorylossfoundation.org\\\/es\\\/como-funciona-la-memoria\\\/los-tres-tipos-de-memoria\\\/memoria-episodica\\\/\"]}]},{\"@type\":\"ImageObject\",\"inLanguage\":\"es\",\"@id\":\"https:\\\/\\\/memorylossfoundation.org\\\/es\\\/como-funciona-la-memoria\\\/los-tres-tipos-de-memoria\\\/memoria-episodica\\\/#primaryimage\",\"url\":\"https:\\\/\\\/memorylossfoundation.org\\\/wp-content\\\/uploads\\\/image.jpg\",\"contentUrl\":\"https:\\\/\\\/memorylossfoundation.org\\\/wp-content\\\/uploads\\\/image.jpg\"},{\"@type\":\"BreadcrumbList\",\"@id\":\"https:\\\/\\\/memorylossfoundation.org\\\/es\\\/como-funciona-la-memoria\\\/los-tres-tipos-de-memoria\\\/memoria-episodica\\\/#breadcrumb\",\"itemListElement\":[{\"@type\":\"ListItem\",\"position\":1,\"name\":\"Home\",\"item\":\"https:\\\/\\\/memorylossfoundation.org\\\/es\\\/\"},{\"@type\":\"ListItem\",\"position\":2,\"name\":\"C\u00f3mo funciona la memoria\",\"item\":\"https:\\\/\\\/memorylossfoundation.org\\\/es\\\/como-funciona-la-memoria\\\/\"},{\"@type\":\"ListItem\",\"position\":3,\"name\":\"Los tres tipos de memoria\",\"item\":\"https:\\\/\\\/memorylossfoundation.org\\\/es\\\/como-funciona-la-memoria\\\/los-tres-tipos-de-memoria\\\/\"},{\"@type\":\"ListItem\",\"position\":4,\"name\":\"Memoria epis\u00f3dica\"}]},{\"@type\":\"WebSite\",\"@id\":\"https:\\\/\\\/memorylossfoundation.org\\\/es\\\/#website\",\"url\":\"https:\\\/\\\/memorylossfoundation.org\\\/es\\\/\",\"name\":\"American Memory Loss Foundation\",\"description\":\"Memory loss can be frustrating. Getting help shouldn&#039;t be.\",\"publisher\":{\"@id\":\"https:\\\/\\\/memorylossfoundation.org\\\/es\\\/#organization\"},\"potentialAction\":[{\"@type\":\"SearchAction\",\"target\":{\"@type\":\"EntryPoint\",\"urlTemplate\":\"https:\\\/\\\/memorylossfoundation.org\\\/es\\\/?s={search_term_string}\"},\"query-input\":{\"@type\":\"PropertyValueSpecification\",\"valueRequired\":true,\"valueName\":\"search_term_string\"}}],\"inLanguage\":\"es\"},{\"@type\":\"Organization\",\"@id\":\"https:\\\/\\\/memorylossfoundation.org\\\/es\\\/#organization\",\"name\":\"American Memory Loss Foundation\",\"url\":\"https:\\\/\\\/memorylossfoundation.org\\\/es\\\/\",\"logo\":{\"@type\":\"ImageObject\",\"inLanguage\":\"es\",\"@id\":\"https:\\\/\\\/memorylossfoundation.org\\\/es\\\/#\\\/schema\\\/logo\\\/image\\\/\",\"url\":\"https:\\\/\\\/memorylossfoundation.org\\\/wp-content\\\/uploads\\\/AMLF_logo_blue_box.png\",\"contentUrl\":\"https:\\\/\\\/memorylossfoundation.org\\\/wp-content\\\/uploads\\\/AMLF_logo_blue_box.png\",\"width\":1920,\"height\":1067,\"caption\":\"American Memory Loss Foundation\"},\"image\":{\"@id\":\"https:\\\/\\\/memorylossfoundation.org\\\/es\\\/#\\\/schema\\\/logo\\\/image\\\/\"}}]}<\/script>\n<!-- \/ Yoast SEO plugin. -->","yoast_head_json":{"title":"\u00bfQu\u00e9 es la memoria epis\u00f3dica? | American Memory Loss Foundation","description":"Descubra c\u00f3mo la memoria epis\u00f3dica le permite recordar eventos y experiencias espec\u00edficas que dan forma a su historia personal.","robots":{"index":"noindex","follow":"follow","max-snippet":"max-snippet:-1","max-image-preview":"max-image-preview:large","max-video-preview":"max-video-preview:-1"},"og_locale":"es_ES","og_type":"article","og_title":"\u00bfQu\u00e9 es la memoria epis\u00f3dica? | American Memory Loss Foundation","og_description":"Descubra c\u00f3mo la memoria epis\u00f3dica le permite recordar eventos y experiencias espec\u00edficas que dan forma a su historia personal.","og_url":"https:\/\/memorylossfoundation.org\/es\/como-funciona-la-memoria\/los-tres-tipos-de-memoria\/memoria-episodica\/","og_site_name":"American Memory Loss Foundation","article_modified_time":"2026-04-05T03:38:47+00:00","og_image":[{"width":1600,"height":1200,"url":"https:\/\/memorylossfoundation.org\/wp-content\/uploads\/image.jpg","type":"image\/jpeg"}],"twitter_card":"summary_large_image","twitter_misc":{"Tiempo de lectura":"2 minutos"},"schema":{"@context":"https:\/\/schema.org","@graph":[{"@type":"WebPage","@id":"https:\/\/memorylossfoundation.org\/es\/como-funciona-la-memoria\/los-tres-tipos-de-memoria\/memoria-episodica\/","url":"https:\/\/memorylossfoundation.org\/es\/como-funciona-la-memoria\/los-tres-tipos-de-memoria\/memoria-episodica\/","name":"\u00bfQu\u00e9 es la memoria epis\u00f3dica? | American Memory Loss Foundation","isPartOf":{"@id":"https:\/\/memorylossfoundation.org\/es\/#website"},"primaryImageOfPage":{"@id":"https:\/\/memorylossfoundation.org\/es\/como-funciona-la-memoria\/los-tres-tipos-de-memoria\/memoria-episodica\/#primaryimage"},"image":{"@id":"https:\/\/memorylossfoundation.org\/es\/como-funciona-la-memoria\/los-tres-tipos-de-memoria\/memoria-episodica\/#primaryimage"},"thumbnailUrl":"https:\/\/memorylossfoundation.org\/wp-content\/uploads\/image.jpg","datePublished":"2025-09-23T16:09:02+00:00","dateModified":"2026-04-05T03:38:47+00:00","description":"Descubra c\u00f3mo la memoria epis\u00f3dica le permite recordar eventos y experiencias espec\u00edficas que dan forma a su historia personal.","breadcrumb":{"@id":"https:\/\/memorylossfoundation.org\/es\/como-funciona-la-memoria\/los-tres-tipos-de-memoria\/memoria-episodica\/#breadcrumb"},"inLanguage":"es","potentialAction":[{"@type":"ReadAction","target":["https:\/\/memorylossfoundation.org\/es\/como-funciona-la-memoria\/los-tres-tipos-de-memoria\/memoria-episodica\/"]}]},{"@type":"ImageObject","inLanguage":"es","@id":"https:\/\/memorylossfoundation.org\/es\/como-funciona-la-memoria\/los-tres-tipos-de-memoria\/memoria-episodica\/#primaryimage","url":"https:\/\/memorylossfoundation.org\/wp-content\/uploads\/image.jpg","contentUrl":"https:\/\/memorylossfoundation.org\/wp-content\/uploads\/image.jpg"},{"@type":"BreadcrumbList","@id":"https:\/\/memorylossfoundation.org\/es\/como-funciona-la-memoria\/los-tres-tipos-de-memoria\/memoria-episodica\/#breadcrumb","itemListElement":[{"@type":"ListItem","position":1,"name":"Home","item":"https:\/\/memorylossfoundation.org\/es\/"},{"@type":"ListItem","position":2,"name":"C\u00f3mo funciona la memoria","item":"https:\/\/memorylossfoundation.org\/es\/como-funciona-la-memoria\/"},{"@type":"ListItem","position":3,"name":"Los tres tipos de memoria","item":"https:\/\/memorylossfoundation.org\/es\/como-funciona-la-memoria\/los-tres-tipos-de-memoria\/"},{"@type":"ListItem","position":4,"name":"Memoria epis\u00f3dica"}]},{"@type":"WebSite","@id":"https:\/\/memorylossfoundation.org\/es\/#website","url":"https:\/\/memorylossfoundation.org\/es\/","name":"American Memory Loss Foundation","description":"Memory loss can be frustrating. Getting help shouldn&#039;t be.","publisher":{"@id":"https:\/\/memorylossfoundation.org\/es\/#organization"},"potentialAction":[{"@type":"SearchAction","target":{"@type":"EntryPoint","urlTemplate":"https:\/\/memorylossfoundation.org\/es\/?s={search_term_string}"},"query-input":{"@type":"PropertyValueSpecification","valueRequired":true,"valueName":"search_term_string"}}],"inLanguage":"es"},{"@type":"Organization","@id":"https:\/\/memorylossfoundation.org\/es\/#organization","name":"American Memory Loss Foundation","url":"https:\/\/memorylossfoundation.org\/es\/","logo":{"@type":"ImageObject","inLanguage":"es","@id":"https:\/\/memorylossfoundation.org\/es\/#\/schema\/logo\/image\/","url":"https:\/\/memorylossfoundation.org\/wp-content\/uploads\/AMLF_logo_blue_box.png","contentUrl":"https:\/\/memorylossfoundation.org\/wp-content\/uploads\/AMLF_logo_blue_box.png","width":1920,"height":1067,"caption":"American Memory Loss Foundation"},"image":{"@id":"https:\/\/memorylossfoundation.org\/es\/#\/schema\/logo\/image\/"}}]}},"_links":{"self":[{"href":"https:\/\/memorylossfoundation.org\/es\/wp-json\/wp\/v2\/pages\/838","targetHints":{"allow":["GET"]}}],"collection":[{"href":"https:\/\/memorylossfoundation.org\/es\/wp-json\/wp\/v2\/pages"}],"about":[{"href":"https:\/\/memorylossfoundation.org\/es\/wp-json\/wp\/v2\/types\/page"}],"author":[{"embeddable":true,"href":"https:\/\/memorylossfoundation.org\/es\/wp-json\/wp\/v2\/users\/1"}],"replies":[{"embeddable":true,"href":"https:\/\/memorylossfoundation.org\/es\/wp-json\/wp\/v2\/comments?post=838"}],"version-history":[{"count":1,"href":"https:\/\/memorylossfoundation.org\/es\/wp-json\/wp\/v2\/pages\/838\/revisions"}],"predecessor-version":[{"id":844,"href":"https:\/\/memorylossfoundation.org\/es\/wp-json\/wp\/v2\/pages\/838\/revisions\/844"}],"up":[{"embeddable":true,"href":"https:\/\/memorylossfoundation.org\/es\/wp-json\/wp\/v2\/pages\/835"}],"wp:attachment":[{"href":"https:\/\/memorylossfoundation.org\/es\/wp-json\/wp\/v2\/media?parent=838"}],"wp:term":[{"taxonomy":"hf_cat_page","embeddable":true,"href":"https:\/\/memorylossfoundation.org\/es\/wp-json\/wp\/v2\/hf_cat_page?post=838"}],"curies":[{"name":"wp","href":"https:\/\/api.w.org\/{rel}","templated":true}]}}