{"id":845,"date":"2025-09-25T09:21:08","date_gmt":"2025-09-25T16:21:08","guid":{"rendered":"https:\/\/memorylossfoundation.org\/deberia-consultar-a-un-medico\/"},"modified":"2026-04-04T20:38:55","modified_gmt":"2026-04-05T03:38:55","slug":"deberia-consultar-a-un-medico","status":"publish","type":"page","link":"https:\/\/memorylossfoundation.org\/es\/deberia-consultar-a-un-medico\/","title":{"rendered":"\u00bfDeber\u00eda consultar a un m\u00e9dico?"},"content":{"rendered":"\n<p>La posibilidad de que usted (o un ser querido) pueda tener un trastorno cognitivo puede resultar inquietante. Al fin y al cabo, nuestro cerebro es donde residimos \u00abnosotros\u00bb. Y la idea de perder ese sentido de la identidad puede ser algo en lo que no queramos pensar. De hecho, la posibilidad puede ser tan aterradora que simplemente ignoramos los s\u00edntomas y esperamos que desaparezcan por s\u00ed solos.   <\/p>\n\n<p>Pero los problemas de memoria rara vez desaparecen por s\u00ed solos. Y, de hecho, algunos de los trastornos que causan la p\u00e9rdida de memoria son tratables, especialmente en sus etapas iniciales. <\/p>\n\n<h2 class=\"wp-block-heading\">No puede diagnosticar la p\u00e9rdida de memoria por su cuenta<\/h2>\n\n<p>Por lo tanto, si le preocupa su memoria o la de un ser querido, es una buena idea compartir esas inquietudes con un m\u00e9dico. Y no hay mejor lugar para empezar que pidiendo cita con un m\u00e9dico de atenci\u00f3n primaria. <\/p>\n\n<p>Su m\u00e9dico de atenci\u00f3n primaria le conoce y usted le conoce a \u00e9l. Por lo tanto, puede sentirse c\u00f3modo compartiendo sus pensamientos y observaciones, sabiendo que puede ayudarle a determinar qu\u00e9 est\u00e1 ocurriendo. <\/p>\n\n<h2 class=\"wp-block-heading\">C\u00f3mo prepararse para una visita al m\u00e9dico<\/h2>\n\n<p>No intente incluir esta conversaci\u00f3n en un chequeo u otra visita rutinaria. Pida una cita para hablar \u00fanicamente de sus inquietudes sobre la memoria. Eso dar\u00e1 a sus preocupaciones el enfoque que merecen. Como preparaci\u00f3n para esta visita al m\u00e9dico, aqu\u00ed tiene algunas cosas que puede hacer para que sea m\u00e1s provechosa:   <\/p>\n\n<ol class=\"wp-block-list\">\n<li>Tome algunas notas por escrito sobre los problemas que ha tenido con su memoria o su razonamiento. Para ayudarle a organizar sus ideas, descargue e imprima nuestra <a href=\"https:\/\/memorylossfoundation.org\/es\/deberia-consultar-a-un-medico\/descargue-la-hoja-de-ruta-gratuita-para-la-perdida-de-memoria\/\" data-type=\"page\" data-id=\"100\">gu\u00eda gratuita sobre la p\u00e9rdida de memoria<\/a>. Incluye espacio para sus observaciones, as\u00ed como para las de otra persona que le conozca bien y pueda haber observado alg\u00fan s\u00edntoma. Lleve estas notas escritas a su cita m\u00e9dica para recordar lo que quer\u00eda tratar.   <\/li>\n\n\n\n<li>Si lo desea, descargue, imprima y complete el <a href=\"https:\/\/wexnermedical.osu.edu\/brain-spine-neuro\/memory-disorders\/sage\" target=\"_blank\" rel=\"noreferrer noopener\">Examen Gerocognitivo Autoadministrado (SAGE)<\/a>. Este cuestionario para realizar en casa eval\u00faa el funcionamiento del cerebro de diversas formas, incluida la memoria. Aunque no puede calificar el examen usted mismo, puede llevar sus respuestas a su m\u00e9dico, sabiendo que esto puede ayudarle a comprender mejor qu\u00e9 le ocurre a su cerebro.  <\/li>\n\n\n\n<li>Pida a alguien que le acompa\u00f1e a su cita m\u00e9dica. Contar con la presencia de alguien conocido puede facilitar la visita. Y si esa persona le conoce bien, puede compartir sus observaciones con el m\u00e9dico, ya que otras personas pueden notar los problemas que tenemos mejor que nosotros mismos. Adem\u00e1s, esta persona puede escuchar lo que diga el m\u00e9dico e incluso tomar notas que usted podr\u00e1 consultar m\u00e1s tarde.   <\/li>\n<\/ol>\n\n<h2 class=\"wp-block-heading\">La visita al m\u00e9dico: paso a paso<\/h2>\n\n<p>Al llegar a la consulta, su cita puede comenzar como cualquier otra visita m\u00e9dica: alguien registrar\u00e1 su estatura, peso, temperatura y presi\u00f3n arterial. Cuando el m\u00e9dico entre en la sala, probablemente le pedir\u00e1 que le hable de sus problemas de memoria. Utilice las notas que prepar\u00f3 con antelaci\u00f3n para asegurarse de no omitir la informaci\u00f3n que consider\u00f3 importante.  <\/p>\n\n<p>Tras escuchar sus inquietudes, es posible que el m\u00e9dico le haga algunas preguntas de seguimiento. Algunas de estas preguntas pueden formar parte de una prueba cognitiva r\u00e1pida (a veces llamada \u00abmini-cog\u00bb o \u00abEvaluaci\u00f3n de la Cognici\u00f3n por el M\u00e9dico General [GPCOG]\u00bb) para ayudarle a evaluar sus capacidades mentales b\u00e1sicas en ese d\u00eda. <\/p>\n\n<p>Si considera que se necesita m\u00e1s informaci\u00f3n, puede solicitar algunos an\u00e1lisis de sangre para entender qu\u00e9 ocurre en su cuerpo. Tambi\u00e9n es posible que le remita a otro especialista, como un neur\u00f3logo, experto en el funcionamiento del cerebro y en c\u00f3mo diversas afecciones pueden estar afectando a su memoria. <\/p>\n\n<p>Estos pasos adicionales no significan necesariamente que ocurra algo grave. S\u00f3lo que tu m\u00e9dico de atenci\u00f3n primaria reconoce que no es un experto en salud cerebral. Y que cree que mereces a alguien que pueda averiguar qu\u00e9 est\u00e1 pasando con tu memoria.  <\/p>\n","protected":false},"excerpt":{"rendered":"<p>La posibilidad de que usted (o un ser querido) pueda tener un trastorno cognitivo puede resultar inquietante. Al fin y al cabo, nuestro cerebro es donde residimos \u00abnosotros\u00bb. Y la idea de perder ese sentido de la identidad puede ser algo en lo que no queramos pensar. De hecho, la posibilidad puede ser tan aterradora [&hellip;]<\/p>\n","protected":false},"author":1,"featured_media":0,"parent":0,"menu_order":8,"comment_status":"closed","ping_status":"closed","template":"","meta":{"_acf_changed":false,"footnotes":""},"hf_cat_page":[48],"class_list":["post-845","page","type-page","status-publish","hentry"],"acf":[],"yoast_head":"<!-- This site is optimized with the Yoast SEO plugin v27.4 - https:\/\/yoast.com\/product\/yoast-seo-wordpress\/ -->\n<title>\u00bfDeber\u00eda consultar a un m\u00e9dico? | American Memory Loss Foundation<\/title>\n<meta name=\"description\" content=\"\u00bfLe preocupa la p\u00e9rdida de memoria? Descubra cu\u00e1ndo consultar a un m\u00e9dico y qu\u00e9 esperar durante su primera conversaci\u00f3n.\" \/>\n<meta name=\"robots\" content=\"noindex, follow, max-snippet:-1, max-image-preview:large, max-video-preview:-1\" \/>\n<meta property=\"og:locale\" content=\"es_ES\" \/>\n<meta property=\"og:type\" content=\"article\" \/>\n<meta property=\"og:title\" content=\"\u00bfDeber\u00eda consultar a un m\u00e9dico? | American Memory Loss Foundation\" \/>\n<meta property=\"og:description\" content=\"\u00bfLe preocupa la p\u00e9rdida de memoria? Descubra cu\u00e1ndo consultar a un m\u00e9dico y qu\u00e9 esperar durante su primera conversaci\u00f3n.\" \/>\n<meta property=\"og:url\" content=\"https:\/\/memorylossfoundation.org\/es\/deberia-consultar-a-un-medico\/\" \/>\n<meta property=\"og:site_name\" content=\"American Memory Loss Foundation\" \/>\n<meta property=\"article:modified_time\" content=\"2026-04-05T03:38:55+00:00\" \/>\n<meta name=\"twitter:card\" content=\"summary_large_image\" \/>\n<meta name=\"twitter:label1\" content=\"Tiempo de lectura\" \/>\n\t<meta name=\"twitter:data1\" content=\"3 minutos\" \/>\n<script type=\"application\/ld+json\" class=\"yoast-schema-graph\">{\"@context\":\"https:\\\/\\\/schema.org\",\"@graph\":[{\"@type\":\"WebPage\",\"@id\":\"https:\\\/\\\/memorylossfoundation.org\\\/es\\\/deberia-consultar-a-un-medico\\\/\",\"url\":\"https:\\\/\\\/memorylossfoundation.org\\\/es\\\/deberia-consultar-a-un-medico\\\/\",\"name\":\"\u00bfDeber\u00eda consultar a un m\u00e9dico? | American Memory Loss Foundation\",\"isPartOf\":{\"@id\":\"https:\\\/\\\/memorylossfoundation.org\\\/es\\\/#website\"},\"datePublished\":\"2025-09-25T16:21:08+00:00\",\"dateModified\":\"2026-04-05T03:38:55+00:00\",\"description\":\"\u00bfLe preocupa la p\u00e9rdida de memoria? Descubra cu\u00e1ndo consultar a un m\u00e9dico y qu\u00e9 esperar durante su primera conversaci\u00f3n.\",\"breadcrumb\":{\"@id\":\"https:\\\/\\\/memorylossfoundation.org\\\/es\\\/deberia-consultar-a-un-medico\\\/#breadcrumb\"},\"inLanguage\":\"es\",\"potentialAction\":[{\"@type\":\"ReadAction\",\"target\":[\"https:\\\/\\\/memorylossfoundation.org\\\/es\\\/deberia-consultar-a-un-medico\\\/\"]}]},{\"@type\":\"BreadcrumbList\",\"@id\":\"https:\\\/\\\/memorylossfoundation.org\\\/es\\\/deberia-consultar-a-un-medico\\\/#breadcrumb\",\"itemListElement\":[{\"@type\":\"ListItem\",\"position\":1,\"name\":\"Home\",\"item\":\"https:\\\/\\\/memorylossfoundation.org\\\/es\\\/\"},{\"@type\":\"ListItem\",\"position\":2,\"name\":\"\u00bfDeber\u00eda consultar a un m\u00e9dico?\"}]},{\"@type\":\"WebSite\",\"@id\":\"https:\\\/\\\/memorylossfoundation.org\\\/es\\\/#website\",\"url\":\"https:\\\/\\\/memorylossfoundation.org\\\/es\\\/\",\"name\":\"American Memory Loss Foundation\",\"description\":\"Memory loss can be frustrating. Getting help shouldn&#039;t be.\",\"publisher\":{\"@id\":\"https:\\\/\\\/memorylossfoundation.org\\\/es\\\/#organization\"},\"potentialAction\":[{\"@type\":\"SearchAction\",\"target\":{\"@type\":\"EntryPoint\",\"urlTemplate\":\"https:\\\/\\\/memorylossfoundation.org\\\/es\\\/?s={search_term_string}\"},\"query-input\":{\"@type\":\"PropertyValueSpecification\",\"valueRequired\":true,\"valueName\":\"search_term_string\"}}],\"inLanguage\":\"es\"},{\"@type\":\"Organization\",\"@id\":\"https:\\\/\\\/memorylossfoundation.org\\\/es\\\/#organization\",\"name\":\"American Memory Loss Foundation\",\"url\":\"https:\\\/\\\/memorylossfoundation.org\\\/es\\\/\",\"logo\":{\"@type\":\"ImageObject\",\"inLanguage\":\"es\",\"@id\":\"https:\\\/\\\/memorylossfoundation.org\\\/es\\\/#\\\/schema\\\/logo\\\/image\\\/\",\"url\":\"https:\\\/\\\/memorylossfoundation.org\\\/wp-content\\\/uploads\\\/AMLF_logo_blue_box.png\",\"contentUrl\":\"https:\\\/\\\/memorylossfoundation.org\\\/wp-content\\\/uploads\\\/AMLF_logo_blue_box.png\",\"width\":1920,\"height\":1067,\"caption\":\"American Memory Loss Foundation\"},\"image\":{\"@id\":\"https:\\\/\\\/memorylossfoundation.org\\\/es\\\/#\\\/schema\\\/logo\\\/image\\\/\"}}]}<\/script>\n<!-- \/ Yoast SEO plugin. -->","yoast_head_json":{"title":"\u00bfDeber\u00eda consultar a un m\u00e9dico? | American Memory Loss Foundation","description":"\u00bfLe preocupa la p\u00e9rdida de memoria? Descubra cu\u00e1ndo consultar a un m\u00e9dico y qu\u00e9 esperar durante su primera conversaci\u00f3n.","robots":{"index":"noindex","follow":"follow","max-snippet":"max-snippet:-1","max-image-preview":"max-image-preview:large","max-video-preview":"max-video-preview:-1"},"og_locale":"es_ES","og_type":"article","og_title":"\u00bfDeber\u00eda consultar a un m\u00e9dico? | American Memory Loss Foundation","og_description":"\u00bfLe preocupa la p\u00e9rdida de memoria? Descubra cu\u00e1ndo consultar a un m\u00e9dico y qu\u00e9 esperar durante su primera conversaci\u00f3n.","og_url":"https:\/\/memorylossfoundation.org\/es\/deberia-consultar-a-un-medico\/","og_site_name":"American Memory Loss Foundation","article_modified_time":"2026-04-05T03:38:55+00:00","twitter_card":"summary_large_image","twitter_misc":{"Tiempo de lectura":"3 minutos"},"schema":{"@context":"https:\/\/schema.org","@graph":[{"@type":"WebPage","@id":"https:\/\/memorylossfoundation.org\/es\/deberia-consultar-a-un-medico\/","url":"https:\/\/memorylossfoundation.org\/es\/deberia-consultar-a-un-medico\/","name":"\u00bfDeber\u00eda consultar a un m\u00e9dico? | American Memory Loss Foundation","isPartOf":{"@id":"https:\/\/memorylossfoundation.org\/es\/#website"},"datePublished":"2025-09-25T16:21:08+00:00","dateModified":"2026-04-05T03:38:55+00:00","description":"\u00bfLe preocupa la p\u00e9rdida de memoria? Descubra cu\u00e1ndo consultar a un m\u00e9dico y qu\u00e9 esperar durante su primera conversaci\u00f3n.","breadcrumb":{"@id":"https:\/\/memorylossfoundation.org\/es\/deberia-consultar-a-un-medico\/#breadcrumb"},"inLanguage":"es","potentialAction":[{"@type":"ReadAction","target":["https:\/\/memorylossfoundation.org\/es\/deberia-consultar-a-un-medico\/"]}]},{"@type":"BreadcrumbList","@id":"https:\/\/memorylossfoundation.org\/es\/deberia-consultar-a-un-medico\/#breadcrumb","itemListElement":[{"@type":"ListItem","position":1,"name":"Home","item":"https:\/\/memorylossfoundation.org\/es\/"},{"@type":"ListItem","position":2,"name":"\u00bfDeber\u00eda consultar a un m\u00e9dico?"}]},{"@type":"WebSite","@id":"https:\/\/memorylossfoundation.org\/es\/#website","url":"https:\/\/memorylossfoundation.org\/es\/","name":"American Memory Loss Foundation","description":"Memory loss can be frustrating. Getting help shouldn&#039;t be.","publisher":{"@id":"https:\/\/memorylossfoundation.org\/es\/#organization"},"potentialAction":[{"@type":"SearchAction","target":{"@type":"EntryPoint","urlTemplate":"https:\/\/memorylossfoundation.org\/es\/?s={search_term_string}"},"query-input":{"@type":"PropertyValueSpecification","valueRequired":true,"valueName":"search_term_string"}}],"inLanguage":"es"},{"@type":"Organization","@id":"https:\/\/memorylossfoundation.org\/es\/#organization","name":"American Memory Loss Foundation","url":"https:\/\/memorylossfoundation.org\/es\/","logo":{"@type":"ImageObject","inLanguage":"es","@id":"https:\/\/memorylossfoundation.org\/es\/#\/schema\/logo\/image\/","url":"https:\/\/memorylossfoundation.org\/wp-content\/uploads\/AMLF_logo_blue_box.png","contentUrl":"https:\/\/memorylossfoundation.org\/wp-content\/uploads\/AMLF_logo_blue_box.png","width":1920,"height":1067,"caption":"American Memory Loss Foundation"},"image":{"@id":"https:\/\/memorylossfoundation.org\/es\/#\/schema\/logo\/image\/"}}]}},"_links":{"self":[{"href":"https:\/\/memorylossfoundation.org\/es\/wp-json\/wp\/v2\/pages\/845","targetHints":{"allow":["GET"]}}],"collection":[{"href":"https:\/\/memorylossfoundation.org\/es\/wp-json\/wp\/v2\/pages"}],"about":[{"href":"https:\/\/memorylossfoundation.org\/es\/wp-json\/wp\/v2\/types\/page"}],"author":[{"embeddable":true,"href":"https:\/\/memorylossfoundation.org\/es\/wp-json\/wp\/v2\/users\/1"}],"replies":[{"embeddable":true,"href":"https:\/\/memorylossfoundation.org\/es\/wp-json\/wp\/v2\/comments?post=845"}],"version-history":[{"count":4,"href":"https:\/\/memorylossfoundation.org\/es\/wp-json\/wp\/v2\/pages\/845\/revisions"}],"predecessor-version":[{"id":1348,"href":"https:\/\/memorylossfoundation.org\/es\/wp-json\/wp\/v2\/pages\/845\/revisions\/1348"}],"wp:attachment":[{"href":"https:\/\/memorylossfoundation.org\/es\/wp-json\/wp\/v2\/media?parent=845"}],"wp:term":[{"taxonomy":"hf_cat_page","embeddable":true,"href":"https:\/\/memorylossfoundation.org\/es\/wp-json\/wp\/v2\/hf_cat_page?post=845"}],"curies":[{"name":"wp","href":"https:\/\/api.w.org\/{rel}","templated":true}]}}