{"id":847,"date":"2025-09-27T09:14:20","date_gmt":"2025-09-27T16:14:20","guid":{"rendered":"https:\/\/memorylossfoundation.org\/deberia-consultar-a-un-medico\/tipos-de-diagnosticos\/"},"modified":"2026-03-10T08:45:56","modified_gmt":"2026-03-10T15:45:56","slug":"tipos-de-diagnosticos","status":"publish","type":"page","link":"https:\/\/memorylossfoundation.org\/es\/deberia-consultar-a-un-medico\/tipos-de-diagnosticos\/","title":{"rendered":"Tipos de diagn\u00f3sticos"},"content":{"rendered":"\n<p>El cerebro humano es un \u00f3rgano incre\u00edblemente complejo, con docenas de \u00e1reas diferentes responsables de diversas capacidades, como ver, hablar, pensar y recordar. Su neur\u00f3logo sabe qu\u00e9 \u00e1reas de su cerebro est\u00e1n asociadas con cada una de estas habilidades, por lo que es capaz de buscar patrones en sus s\u00edntomas, exploraciones y otros resultados de pruebas, sabiendo que cada trastorno cognitivo se presenta de forma \u00fanica. <\/p>\n\n<h2 class=\"wp-block-heading\">Demencias<\/h2>\n\n<p>Muchos de estos trastornos se consideran \u00abdemencia\u00bb, el nombre de un grupo de enfermedades progresivas que da\u00f1an gradualmente el cerebro. Seg\u00fan la Cl\u00ednica Mayo,<sup><a href=\"#References\" data-type=\"internal\" data-id=\"#References\">9<\/a><\/sup> estas enfermedades incluyen: <\/p>\n\n<ul class=\"wp-block-list\">\n<li>La <strong>enfermedad de Alzheimer<\/strong> es la m\u00e1s com\u00fan de todas las demencias, representando entre el 60-80%<sup><a href=\"#References\" data-type=\"internal\" data-id=\"#References\">10<\/a><\/sup> de todas las demencias. Se caracteriza por placas y ovillos de prote\u00ednas en el cerebro, que se cree que da\u00f1an las c\u00e9lulas cerebrales y su comunicaci\u00f3n. Los s\u00edntomas tempranos incluyen p\u00e9rdida de memoria a corto plazo, confusi\u00f3n, cambios de personalidad y comportamiento. Actualmente no existe una cura para la enfermedad de Alzheimer, aunque hay algunas terapias que pueden ralentizar su progreso.   <\/li>\n\n\n\n<li>La <strong>demencia vascular<\/strong> es una enfermedad en la que los vasos que suministran sangre al cerebro est\u00e1n da\u00f1ados. Esto puede causar accidentes cerebrovasculares u otros da\u00f1os a las c\u00e9lulas cerebrales cuando se corta el suministro de nutrientes y ox\u00edgeno. Los s\u00edntomas tempranos incluyen dificultad para resolver problemas, pensamiento ralentizado y p\u00e9rdida de concentraci\u00f3n y organizaci\u00f3n. La p\u00e9rdida de memoria es menos frecuente. Representa aproximadamente el 15-20%<sup><a href=\"#References\" data-type=\"internal\" data-id=\"#References\">11<\/a><\/sup> de las demencias.    <\/li>\n\n\n\n<li><strong>L.A.T.E.<\/strong> (encefalopat\u00eda TDP-43 de predominio l\u00edmbico relacionada con la edad) es similar a la enfermedad de Alzheimer en que las prote\u00ednas se acumulan en el cerebro causando da\u00f1o con el tiempo. Pero con LATE, es un tipo diferente de prote\u00edna al observado en la enfermedad de Alzheimer. LATE se observa t\u00edpicamente en pacientes mayores (de 80 o 90 a\u00f1os) y se estima que causa el 15-20%<sup><a href=\"#References\" data-type=\"internal\" data-id=\"#References\">12<\/a><\/sup> de todas las demencias, aunque no es raro que alguien tenga tanto LATE como enfermedad de Alzheimer.  <\/li>\n\n\n\n<li><strong>La demencia con cuerpos de Lewy<\/strong> se caracteriza por la presencia de c\u00famulos de prote\u00edna con forma de globo (denominados \u00abcuerpos de Lewy\u00bb) en el cerebro. Los s\u00edntomas tempranos incluyen alucinaciones visuales, dificultad para concentrarse y prestar atenci\u00f3n, movimientos descoordinados o lentos, temblores y rigidez. Esta enfermedad representa aproximadamente entre el 5 y el 10 por ciento<sup><a href=\"#References\" data-type=\"internal\" data-id=\"#References\">13<\/a><\/sup> de las demencias.  <\/li>\n\n\n\n<li>La <strong>demencia frontotemporal<\/strong> es un trastorno que causa la degradaci\u00f3n de las c\u00e9lulas nerviosas en los l\u00f3bulos frontal y temporal del cerebro. Estas \u00e1reas est\u00e1n asociadas con la personalidad, el comportamiento y el lenguaje, por lo que los s\u00edntomas comunes incluyen cambios en el comportamiento, la personalidad, el pensamiento, el juicio, el lenguaje y el movimiento. Representa aproximadamente el 5-6%<sup><a href=\"#References\" data-type=\"internal\" data-id=\"#References\">14<\/a><\/sup> de todos los casos de demencia.  <\/li>\n\n\n\n<li>La <strong>demencia mixta<\/strong> es cuando alguien tiene dos o m\u00e1s de los principales tipos de demencia.<\/li>\n<\/ul>\n\n<h2 class=\"wp-block-heading\">Otras enfermedades que afectan al cerebro<\/h2>\n\n<p>Otras enfermedades tambi\u00e9n pueden causar p\u00e9rdida de memoria y otros s\u00edntomas cognitivos. Estas incluyen: <\/p>\n\n<ul class=\"wp-block-list\">\n<li>La <strong>enfermedad de Huntington<\/strong> es un trastorno gen\u00e9tico que causa el deterioro de ciertas c\u00e9lulas del cerebro y la m\u00e9dula espinal. Afecta principalmente a personas de 30 y 40 a\u00f1os y los s\u00edntomas tempranos incluyen un deterioro de las habilidades cognitivas. <\/li>\n\n\n\n<li>La <strong>lesi\u00f3n cerebral traum\u00e1tica<\/strong> es causada por traumatismos craneales repetidos, que no necesariamente aparecen hasta a\u00f1os despu\u00e9s de la lesi\u00f3n. Los s\u00edntomas incluyen depresi\u00f3n, arrebatos explosivos, p\u00e9rdida de memoria y deterioro del habla, as\u00ed como movimiento lento, temblores y rigidez. <\/li>\n\n\n\n<li>La <strong>enfermedad de Creutzfeldt-Jakob<\/strong> es un trastorno cerebral raro que puede ser causado por prote\u00ednas infecciosas llamadas priones. Puede transmitirse de un progenitor o ser causada por exposici\u00f3n a tejido cerebral o del sistema nervioso enfermo. <\/li>\n<\/ul>\n\n<h2 class=\"wp-block-heading\">Otros trastornos que pueden causar p\u00e9rdida de memoria<\/h2>\n\n<p>Es importante destacar que muchas causas de p\u00e9rdida de memoria son reversibles, especialmente si se detectan y tratan temprano.<\/p>\n\n<p>Estas incluyen:<\/p>\n\n<ul class=\"wp-block-list\">\n<li>Infecciones<\/li>\n\n\n\n<li>Ciertos trastornos inmunitarios (donde el sistema inmunitario del cuerpo ataca las c\u00e9lulas nerviosas)<\/li>\n\n\n\n<li>Problemas de tiroides<\/li>\n\n\n\n<li>Nivel bajo de az\u00facar en sangre<\/li>\n\n\n\n<li>Deficiencias de vitaminas, incluidas la vitamina B-1 (tiamina), B-6, B-12, vitamina E, o minerales como calcio, sodio o cobre.<\/li>\n\n\n\n<li>Efectos secundarios de ciertos medicamentos<\/li>\n\n\n\n<li>Sangrado subdural (en la superficie del cerebro), especialmente despu\u00e9s de una ca\u00edda.<\/li>\n\n\n\n<li>Tumor cerebral<\/li>\n\n\n\n<li>Acumulaci\u00f3n de l\u00edquido en el cerebro (hidrocefalia normotensiva)<\/li>\n<\/ul>\n\n<p><a href=\"https:\/\/memorylossfoundation.org\/es\/descargue-la-hoja-de-ruta-gratuita-para-la-perdida-de-memoria\/\" data-type=\"page\" data-id=\"100\">Descargue aqu\u00ed una hoja de ruta gratuita sobre la p\u00e9rdida de memoria<\/a><\/p>\n","protected":false},"excerpt":{"rendered":"<p>El cerebro humano es un \u00f3rgano incre\u00edblemente complejo, con docenas de \u00e1reas diferentes responsables de diversas capacidades, como ver, hablar, pensar y recordar. Su neur\u00f3logo sabe qu\u00e9 \u00e1reas de su cerebro est\u00e1n asociadas con cada una de estas habilidades, por lo que es capaz de buscar patrones en sus s\u00edntomas, exploraciones y otros resultados de [&hellip;]<\/p>\n","protected":false},"author":1,"featured_media":0,"parent":845,"menu_order":10,"comment_status":"closed","ping_status":"closed","template":"","meta":{"_acf_changed":false,"footnotes":""},"hf_cat_page":[50,48],"class_list":["post-847","page","type-page","status-publish","hentry"],"acf":[],"yoast_head":"<!-- This site is optimized with the Yoast SEO plugin v27.4 - https:\/\/yoast.com\/product\/yoast-seo-wordpress\/ -->\n<title>Tipos de diagn\u00f3sticos de p\u00e9rdida de memoria | American Memory Loss Foundation<\/title>\n<meta name=\"description\" content=\"Conozca los diferentes tipos de diagn\u00f3sticos de p\u00e9rdida de memoria y c\u00f3mo los m\u00e9dicos determinan la causa de los problemas de memoria.\" \/>\n<meta name=\"robots\" content=\"noindex, follow, max-snippet:-1, max-image-preview:large, max-video-preview:-1\" \/>\n<meta property=\"og:locale\" content=\"es_ES\" \/>\n<meta property=\"og:type\" content=\"article\" \/>\n<meta property=\"og:title\" content=\"Tipos de diagn\u00f3sticos de p\u00e9rdida de memoria | American Memory Loss Foundation\" \/>\n<meta property=\"og:description\" content=\"Conozca los diferentes tipos de diagn\u00f3sticos de p\u00e9rdida de memoria y c\u00f3mo los m\u00e9dicos determinan la causa de los problemas de memoria.\" \/>\n<meta property=\"og:url\" content=\"https:\/\/memorylossfoundation.org\/es\/deberia-consultar-a-un-medico\/tipos-de-diagnosticos\/\" \/>\n<meta property=\"og:site_name\" content=\"American Memory Loss Foundation\" \/>\n<meta property=\"article:modified_time\" content=\"2026-03-10T15:45:56+00:00\" \/>\n<meta name=\"twitter:card\" content=\"summary_large_image\" \/>\n<meta name=\"twitter:label1\" content=\"Tiempo de lectura\" \/>\n\t<meta name=\"twitter:data1\" content=\"4 minutos\" \/>\n<script type=\"application\/ld+json\" class=\"yoast-schema-graph\">{\"@context\":\"https:\\\/\\\/schema.org\",\"@graph\":[{\"@type\":\"WebPage\",\"@id\":\"https:\\\/\\\/memorylossfoundation.org\\\/es\\\/deberia-consultar-a-un-medico\\\/tipos-de-diagnosticos\\\/\",\"url\":\"https:\\\/\\\/memorylossfoundation.org\\\/es\\\/deberia-consultar-a-un-medico\\\/tipos-de-diagnosticos\\\/\",\"name\":\"Tipos de diagn\u00f3sticos de p\u00e9rdida de memoria | American Memory Loss Foundation\",\"isPartOf\":{\"@id\":\"https:\\\/\\\/memorylossfoundation.org\\\/es\\\/#website\"},\"datePublished\":\"2025-09-27T16:14:20+00:00\",\"dateModified\":\"2026-03-10T15:45:56+00:00\",\"description\":\"Conozca los diferentes tipos de diagn\u00f3sticos de p\u00e9rdida de memoria y c\u00f3mo los m\u00e9dicos determinan la causa de los problemas de memoria.\",\"breadcrumb\":{\"@id\":\"https:\\\/\\\/memorylossfoundation.org\\\/es\\\/deberia-consultar-a-un-medico\\\/tipos-de-diagnosticos\\\/#breadcrumb\"},\"inLanguage\":\"es\",\"potentialAction\":[{\"@type\":\"ReadAction\",\"target\":[\"https:\\\/\\\/memorylossfoundation.org\\\/es\\\/deberia-consultar-a-un-medico\\\/tipos-de-diagnosticos\\\/\"]}]},{\"@type\":\"BreadcrumbList\",\"@id\":\"https:\\\/\\\/memorylossfoundation.org\\\/es\\\/deberia-consultar-a-un-medico\\\/tipos-de-diagnosticos\\\/#breadcrumb\",\"itemListElement\":[{\"@type\":\"ListItem\",\"position\":1,\"name\":\"Home\",\"item\":\"https:\\\/\\\/memorylossfoundation.org\\\/es\\\/\"},{\"@type\":\"ListItem\",\"position\":2,\"name\":\"\u00bfDeber\u00eda consultar a un m\u00e9dico?\",\"item\":\"https:\\\/\\\/memorylossfoundation.org\\\/es\\\/deberia-consultar-a-un-medico\\\/\"},{\"@type\":\"ListItem\",\"position\":3,\"name\":\"Tipos de diagn\u00f3sticos\"}]},{\"@type\":\"WebSite\",\"@id\":\"https:\\\/\\\/memorylossfoundation.org\\\/es\\\/#website\",\"url\":\"https:\\\/\\\/memorylossfoundation.org\\\/es\\\/\",\"name\":\"American Memory Loss Foundation\",\"description\":\"Memory loss can be frustrating. Getting help shouldn&#039;t be.\",\"publisher\":{\"@id\":\"https:\\\/\\\/memorylossfoundation.org\\\/es\\\/#organization\"},\"potentialAction\":[{\"@type\":\"SearchAction\",\"target\":{\"@type\":\"EntryPoint\",\"urlTemplate\":\"https:\\\/\\\/memorylossfoundation.org\\\/es\\\/?s={search_term_string}\"},\"query-input\":{\"@type\":\"PropertyValueSpecification\",\"valueRequired\":true,\"valueName\":\"search_term_string\"}}],\"inLanguage\":\"es\"},{\"@type\":\"Organization\",\"@id\":\"https:\\\/\\\/memorylossfoundation.org\\\/es\\\/#organization\",\"name\":\"American Memory Loss Foundation\",\"url\":\"https:\\\/\\\/memorylossfoundation.org\\\/es\\\/\",\"logo\":{\"@type\":\"ImageObject\",\"inLanguage\":\"es\",\"@id\":\"https:\\\/\\\/memorylossfoundation.org\\\/es\\\/#\\\/schema\\\/logo\\\/image\\\/\",\"url\":\"https:\\\/\\\/memorylossfoundation.org\\\/wp-content\\\/uploads\\\/AMLF_logo_blue_box.png\",\"contentUrl\":\"https:\\\/\\\/memorylossfoundation.org\\\/wp-content\\\/uploads\\\/AMLF_logo_blue_box.png\",\"width\":1920,\"height\":1067,\"caption\":\"American Memory Loss Foundation\"},\"image\":{\"@id\":\"https:\\\/\\\/memorylossfoundation.org\\\/es\\\/#\\\/schema\\\/logo\\\/image\\\/\"}}]}<\/script>\n<!-- \/ Yoast SEO plugin. -->","yoast_head_json":{"title":"Tipos de diagn\u00f3sticos de p\u00e9rdida de memoria | American Memory Loss Foundation","description":"Conozca los diferentes tipos de diagn\u00f3sticos de p\u00e9rdida de memoria y c\u00f3mo los m\u00e9dicos determinan la causa de los problemas de memoria.","robots":{"index":"noindex","follow":"follow","max-snippet":"max-snippet:-1","max-image-preview":"max-image-preview:large","max-video-preview":"max-video-preview:-1"},"og_locale":"es_ES","og_type":"article","og_title":"Tipos de diagn\u00f3sticos de p\u00e9rdida de memoria | American Memory Loss Foundation","og_description":"Conozca los diferentes tipos de diagn\u00f3sticos de p\u00e9rdida de memoria y c\u00f3mo los m\u00e9dicos determinan la causa de los problemas de memoria.","og_url":"https:\/\/memorylossfoundation.org\/es\/deberia-consultar-a-un-medico\/tipos-de-diagnosticos\/","og_site_name":"American Memory Loss Foundation","article_modified_time":"2026-03-10T15:45:56+00:00","twitter_card":"summary_large_image","twitter_misc":{"Tiempo de lectura":"4 minutos"},"schema":{"@context":"https:\/\/schema.org","@graph":[{"@type":"WebPage","@id":"https:\/\/memorylossfoundation.org\/es\/deberia-consultar-a-un-medico\/tipos-de-diagnosticos\/","url":"https:\/\/memorylossfoundation.org\/es\/deberia-consultar-a-un-medico\/tipos-de-diagnosticos\/","name":"Tipos de diagn\u00f3sticos de p\u00e9rdida de memoria | American Memory Loss Foundation","isPartOf":{"@id":"https:\/\/memorylossfoundation.org\/es\/#website"},"datePublished":"2025-09-27T16:14:20+00:00","dateModified":"2026-03-10T15:45:56+00:00","description":"Conozca los diferentes tipos de diagn\u00f3sticos de p\u00e9rdida de memoria y c\u00f3mo los m\u00e9dicos determinan la causa de los problemas de memoria.","breadcrumb":{"@id":"https:\/\/memorylossfoundation.org\/es\/deberia-consultar-a-un-medico\/tipos-de-diagnosticos\/#breadcrumb"},"inLanguage":"es","potentialAction":[{"@type":"ReadAction","target":["https:\/\/memorylossfoundation.org\/es\/deberia-consultar-a-un-medico\/tipos-de-diagnosticos\/"]}]},{"@type":"BreadcrumbList","@id":"https:\/\/memorylossfoundation.org\/es\/deberia-consultar-a-un-medico\/tipos-de-diagnosticos\/#breadcrumb","itemListElement":[{"@type":"ListItem","position":1,"name":"Home","item":"https:\/\/memorylossfoundation.org\/es\/"},{"@type":"ListItem","position":2,"name":"\u00bfDeber\u00eda consultar a un m\u00e9dico?","item":"https:\/\/memorylossfoundation.org\/es\/deberia-consultar-a-un-medico\/"},{"@type":"ListItem","position":3,"name":"Tipos de diagn\u00f3sticos"}]},{"@type":"WebSite","@id":"https:\/\/memorylossfoundation.org\/es\/#website","url":"https:\/\/memorylossfoundation.org\/es\/","name":"American Memory Loss Foundation","description":"Memory loss can be frustrating. Getting help shouldn&#039;t be.","publisher":{"@id":"https:\/\/memorylossfoundation.org\/es\/#organization"},"potentialAction":[{"@type":"SearchAction","target":{"@type":"EntryPoint","urlTemplate":"https:\/\/memorylossfoundation.org\/es\/?s={search_term_string}"},"query-input":{"@type":"PropertyValueSpecification","valueRequired":true,"valueName":"search_term_string"}}],"inLanguage":"es"},{"@type":"Organization","@id":"https:\/\/memorylossfoundation.org\/es\/#organization","name":"American Memory Loss Foundation","url":"https:\/\/memorylossfoundation.org\/es\/","logo":{"@type":"ImageObject","inLanguage":"es","@id":"https:\/\/memorylossfoundation.org\/es\/#\/schema\/logo\/image\/","url":"https:\/\/memorylossfoundation.org\/wp-content\/uploads\/AMLF_logo_blue_box.png","contentUrl":"https:\/\/memorylossfoundation.org\/wp-content\/uploads\/AMLF_logo_blue_box.png","width":1920,"height":1067,"caption":"American Memory Loss Foundation"},"image":{"@id":"https:\/\/memorylossfoundation.org\/es\/#\/schema\/logo\/image\/"}}]}},"_links":{"self":[{"href":"https:\/\/memorylossfoundation.org\/es\/wp-json\/wp\/v2\/pages\/847","targetHints":{"allow":["GET"]}}],"collection":[{"href":"https:\/\/memorylossfoundation.org\/es\/wp-json\/wp\/v2\/pages"}],"about":[{"href":"https:\/\/memorylossfoundation.org\/es\/wp-json\/wp\/v2\/types\/page"}],"author":[{"embeddable":true,"href":"https:\/\/memorylossfoundation.org\/es\/wp-json\/wp\/v2\/users\/1"}],"replies":[{"embeddable":true,"href":"https:\/\/memorylossfoundation.org\/es\/wp-json\/wp\/v2\/comments?post=847"}],"version-history":[{"count":1,"href":"https:\/\/memorylossfoundation.org\/es\/wp-json\/wp\/v2\/pages\/847\/revisions"}],"predecessor-version":[{"id":848,"href":"https:\/\/memorylossfoundation.org\/es\/wp-json\/wp\/v2\/pages\/847\/revisions\/848"}],"up":[{"embeddable":true,"href":"https:\/\/memorylossfoundation.org\/es\/wp-json\/wp\/v2\/pages\/845"}],"wp:attachment":[{"href":"https:\/\/memorylossfoundation.org\/es\/wp-json\/wp\/v2\/media?parent=847"}],"wp:term":[{"taxonomy":"hf_cat_page","embeddable":true,"href":"https:\/\/memorylossfoundation.org\/es\/wp-json\/wp\/v2\/hf_cat_page?post=847"}],"curies":[{"name":"wp","href":"https:\/\/api.w.org\/{rel}","templated":true}]}}