{"id":852,"date":"2025-09-26T09:43:59","date_gmt":"2025-09-26T16:43:59","guid":{"rendered":"https:\/\/memorylossfoundation.org\/deberia-consultar-a-un-medico\/visita-al-neurologo\/"},"modified":"2026-03-10T08:45:56","modified_gmt":"2026-03-10T15:45:56","slug":"visita-al-neurologo","status":"publish","type":"page","link":"https:\/\/memorylossfoundation.org\/es\/deberia-consultar-a-un-medico\/visita-al-neurologo\/","title":{"rendered":"Visita al neur\u00f3logo"},"content":{"rendered":"\n<p>Un neur\u00f3logo es un m\u00e9dico especializado en el cerebro y el sistema nervioso. Entiende c\u00f3mo funcionan estos sistemas corporales y c\u00f3mo pueden afectarles diversos trastornos. Por lo tanto, si tiene problemas de memoria, un neur\u00f3logo es el m\u00e9dico id\u00f3neo para ayudarle a determinar qu\u00e9 est\u00e1 ocurriendo.  <\/p>\n\n<p>Al igual que hizo cuando visit\u00f3 a su m\u00e9dico de atenci\u00f3n primaria para comentar sus problemas de memoria, es recomendable prepararse para la visita con el neur\u00f3logo:<\/p>\n\n<ol class=\"wp-block-list\">\n<li>Haga una lista de los s\u00edntomas que desea tratar. Puede utilizar la lista que elabor\u00f3 cuando visit\u00f3 a su m\u00e9dico de atenci\u00f3n primaria o crear una nueva utilizando nuestra <a href=\"https:\/\/memorylossfoundation.org\/es\/descargue-la-hoja-de-ruta-gratuita-para-la-perdida-de-memoria\/\" data-type=\"page\" data-id=\"100\">gu\u00eda gratuita sobre la p\u00e9rdida de memoria<\/a>. En cualquier caso, tener estos detalles por escrito le garantizar\u00e1 que recordar\u00e1 compartirlos con su neur\u00f3logo.  <\/li>\n\n\n\n<li>Pida a alguien conocido que le acompa\u00f1e a la visita. La mejor opci\u00f3n es la misma persona que le acompa\u00f1\u00f3 a la consulta con su m\u00e9dico de atenci\u00f3n primaria. Al fin y al cabo, ya est\u00e1 familiarizada no solo con usted, sino tambi\u00e9n con los s\u00edntomas que experimenta y con lo que dijo su m\u00e9dico de cabecera. No obstante, si esa persona no est\u00e1 disponible, no pasa nada. Cualquier persona de su confianza ser\u00e1 un buen acompa\u00f1ante para ayudarle durante la visita y tomar notas que pueda consultar m\u00e1s tarde.    <\/li>\n<\/ol>\n\n<p>Es posible que el neur\u00f3logo tambi\u00e9n solicite una copia de su historial m\u00e9dico, incluidos los resultados de su visita m\u00e1s reciente al m\u00e9dico de atenci\u00f3n primaria. Muchos grupos m\u00e9dicos transferir\u00e1n estos registros por usted, pero en algunos casos, usted (o un amigo o familiar de confianza) tendr\u00e1 que gestionar el env\u00edo a la consulta del neur\u00f3logo antes de su visita. <\/p>\n\n<p>Una vez en la cita, el neur\u00f3logo dedicar\u00e1 un tiempo a conocerle a usted, sus s\u00edntomas y su historial m\u00e9dico. Es posible que le pida que realice una evaluaci\u00f3n cognitiva sencilla (como la \u201cEvaluaci\u00f3n Cognitiva de Montreal (MoCA)\u201d) para ver c\u00f3mo funcionan su cerebro y su memoria. El objetivo de esta visita no es diagnosticar inmediatamente un trastorno espec\u00edfico, sino ayudarle a determinar qu\u00e9 pruebas adicionales proporcionar\u00edan la informaci\u00f3n detallada necesaria para comprender qu\u00e9 ocurre con su cerebro y su memoria.  <\/p>\n\n<p>Las pruebas habituales que puede solicitar su neur\u00f3logo se dividen en tres tipos principales:<sup><a href=\"#References\" data-type=\"internal\" data-id=\"#References\">8<\/a><\/sup><\/p>\n\n<ol class=\"wp-block-list\">\n<li><div><p>Las <strong>t\u00e9cnicas de imagen cerebral<\/strong> se utilizan para examinar la estructura del cerebro en busca de problemas f\u00edsicos como da\u00f1os nerviosos, hemorragias, acumulaci\u00f3n de l\u00edquido, atrofia, aneurismas o tumores. Los dos tipos principales de exploraciones por imagen cerebral son la resonancia magn\u00e9tica (RM) y la tomograf\u00eda computarizada (TC). Una RM es m\u00e1s sensible y puede realizarse con o sin \u201ccontraste\u201d (un tinte intravenoso especial que permite que la RM muestre los vasos sangu\u00edneos con mayor claridad y detecte d\u00f3nde puede haber una rotura en la barrera hematoencef\u00e1lica). Un tercer tipo de imagen cerebral es la tomograf\u00eda por emisi\u00f3n de positrones (PET). A diferencia de la RM o la TC, que analizan la estructura f\u00edsica del cerebro, la PET analiza el funcionamiento de las distintas partes del cerebro. Esto se consigue inyectando un tinte radiactivo inocuo en el torrente sangu\u00edneo y observando c\u00f3mo se desplaza por el cerebro. Al igual que un mapa meteorol\u00f3gico que muestra diferentes temperaturas en todo el pa\u00eds, una PET muestra diferentes niveles de actividad en distintos colores, lo que ayuda a los m\u00e9dicos a identificar qu\u00e9 \u00e1reas del cerebro pueden estar rindiendo por debajo de lo normal o d\u00f3nde puede haber acumulaciones anormales de prote\u00ednas.     <\/p><p style=\"margin-block-start: 1em;\">Las tres exploraciones se consideran seguras y no invasivas, y requieren principalmente que usted permanezca inm\u00f3vil mientras la m\u00e1quina escanea su cabeza. Estas tecnolog\u00edas son importantes porque permiten al m\u00e9dico ver literalmente el interior de su cabeza para examinar las distintas \u00e1reas del cerebro que pueden estar causando sus s\u00edntomas. <img decoding=\"async\" class=\"wp-image-375\" src=\"\/wp-content\/uploads\/CT-MRI-PET-with-labels.jpg\" alt=\"Ejemplos de diferentes exploraciones por imagen cerebral: TC frente a RM frente a PET\" style=\"\"\/><figcaption class=\"wp-element-caption\">Ejemplos de diferentes exploraciones por imagen cerebral<\/figcaption><\/p><\/div><\/li>\n\n\n\n<li>Una <strong>evaluaci\u00f3n neuropsicol\u00f3gica<\/strong> es una valoraci\u00f3n exhaustiva de sus capacidades cognitivas, incluyendo la memoria, la funci\u00f3n ejecutiva, el juicio, la atenci\u00f3n y las capacidades ling\u00fc\u00edsticas. Esta evaluaci\u00f3n suele constar de diversas pruebas que se administran a lo largo de varias horas. Puede resultar agotador mentalmente, pero ofrece una medida precisa del rendimiento cerebral en una amplia gama de actividades.  <\/li>\n\n\n\n<li>Los <strong>an\u00e1lisis de laboratorio<\/strong> examinan peque\u00f1as muestras de sangre, orina o l\u00edquido cefalorraqu\u00eddeo para buscar signos reveladores de diversos problemas, como deficiencias tiroideas o vitam\u00ednicas, infecciones, problemas renales, acumulaciones de prote\u00ednas o la presencia de ciertos marcadores de enfermedades, como pTau217 (un marcador asociado a la enfermedad de Alzheimer).<\/li>\n<\/ol>\n\n<p>Una vez finalizadas todas las pruebas, es probable que se re\u00fana de nuevo con su neur\u00f3logo para comentar los resultados y cualquier posible diagn\u00f3stico.<\/p>\n\n<p>Una vez m\u00e1s, aseg\u00farese de acudir a esta visita acompa\u00f1ado de alguien conocido. Esta conversaci\u00f3n suele estar llena de mucha informaci\u00f3n y, a menudo, de terminolog\u00eda m\u00e9dica desconocida. Por ello, es importante contar con un segundo par de o\u00eddos para escuchar, aclarar dudas y tomar notas.  <\/p>\n\n<p>Y si el neur\u00f3logo le diagnostica un trastorno cognitivo, puede resultar impactante. Por eso, contar con alguien que le apoye es inestimable. <\/p>\n","protected":false},"excerpt":{"rendered":"<p>Un neur\u00f3logo es un m\u00e9dico especializado en el cerebro y el sistema nervioso. Entiende c\u00f3mo funcionan estos sistemas corporales y c\u00f3mo pueden afectarles diversos trastornos. Por lo tanto, si tiene problemas de memoria, un neur\u00f3logo es el m\u00e9dico id\u00f3neo para ayudarle a determinar qu\u00e9 est\u00e1 ocurriendo. Al igual que hizo cuando visit\u00f3 a su m\u00e9dico [&hellip;]<\/p>\n","protected":false},"author":1,"featured_media":0,"parent":845,"menu_order":9,"comment_status":"closed","ping_status":"closed","template":"","meta":{"_acf_changed":false,"footnotes":""},"hf_cat_page":[50,48],"class_list":["post-852","page","type-page","status-publish","hentry"],"acf":[],"yoast_head":"<!-- This site is optimized with the Yoast SEO plugin v27.4 - https:\/\/yoast.com\/product\/yoast-seo-wordpress\/ -->\n<title>Visita al neur\u00f3logo | American Memory Loss Foundation<\/title>\n<meta name=\"description\" content=\"Aprenda cu\u00e1ndo acudir a un neur\u00f3logo por p\u00e9rdida de memoria, qu\u00e9 esperar durante su visita y c\u00f3mo prepararse para su cita.\" \/>\n<meta name=\"robots\" content=\"noindex, follow, max-snippet:-1, max-image-preview:large, max-video-preview:-1\" \/>\n<meta property=\"og:locale\" content=\"es_ES\" \/>\n<meta property=\"og:type\" content=\"article\" \/>\n<meta property=\"og:title\" content=\"Visita al neur\u00f3logo | American Memory Loss Foundation\" \/>\n<meta property=\"og:description\" content=\"Aprenda cu\u00e1ndo acudir a un neur\u00f3logo por p\u00e9rdida de memoria, qu\u00e9 esperar durante su visita y c\u00f3mo prepararse para su cita.\" \/>\n<meta property=\"og:url\" content=\"https:\/\/memorylossfoundation.org\/es\/deberia-consultar-a-un-medico\/visita-al-neurologo\/\" \/>\n<meta property=\"og:site_name\" content=\"American Memory Loss Foundation\" \/>\n<meta property=\"article:modified_time\" content=\"2026-03-10T15:45:56+00:00\" \/>\n<meta name=\"twitter:card\" content=\"summary_large_image\" \/>\n<meta name=\"twitter:label1\" content=\"Tiempo de lectura\" \/>\n\t<meta name=\"twitter:data1\" content=\"5 minutos\" \/>\n<script type=\"application\/ld+json\" class=\"yoast-schema-graph\">{\"@context\":\"https:\\\/\\\/schema.org\",\"@graph\":[{\"@type\":\"WebPage\",\"@id\":\"https:\\\/\\\/memorylossfoundation.org\\\/es\\\/deberia-consultar-a-un-medico\\\/visita-al-neurologo\\\/\",\"url\":\"https:\\\/\\\/memorylossfoundation.org\\\/es\\\/deberia-consultar-a-un-medico\\\/visita-al-neurologo\\\/\",\"name\":\"Visita al neur\u00f3logo | American Memory Loss Foundation\",\"isPartOf\":{\"@id\":\"https:\\\/\\\/memorylossfoundation.org\\\/es\\\/#website\"},\"datePublished\":\"2025-09-26T16:43:59+00:00\",\"dateModified\":\"2026-03-10T15:45:56+00:00\",\"description\":\"Aprenda cu\u00e1ndo acudir a un neur\u00f3logo por p\u00e9rdida de memoria, qu\u00e9 esperar durante su visita y c\u00f3mo prepararse para su cita.\",\"breadcrumb\":{\"@id\":\"https:\\\/\\\/memorylossfoundation.org\\\/es\\\/deberia-consultar-a-un-medico\\\/visita-al-neurologo\\\/#breadcrumb\"},\"inLanguage\":\"es\",\"potentialAction\":[{\"@type\":\"ReadAction\",\"target\":[\"https:\\\/\\\/memorylossfoundation.org\\\/es\\\/deberia-consultar-a-un-medico\\\/visita-al-neurologo\\\/\"]}]},{\"@type\":\"BreadcrumbList\",\"@id\":\"https:\\\/\\\/memorylossfoundation.org\\\/es\\\/deberia-consultar-a-un-medico\\\/visita-al-neurologo\\\/#breadcrumb\",\"itemListElement\":[{\"@type\":\"ListItem\",\"position\":1,\"name\":\"Home\",\"item\":\"https:\\\/\\\/memorylossfoundation.org\\\/es\\\/\"},{\"@type\":\"ListItem\",\"position\":2,\"name\":\"\u00bfDeber\u00eda consultar a un m\u00e9dico?\",\"item\":\"https:\\\/\\\/memorylossfoundation.org\\\/es\\\/deberia-consultar-a-un-medico\\\/\"},{\"@type\":\"ListItem\",\"position\":3,\"name\":\"Visita al neur\u00f3logo\"}]},{\"@type\":\"WebSite\",\"@id\":\"https:\\\/\\\/memorylossfoundation.org\\\/es\\\/#website\",\"url\":\"https:\\\/\\\/memorylossfoundation.org\\\/es\\\/\",\"name\":\"American Memory Loss Foundation\",\"description\":\"Memory loss can be frustrating. Getting help shouldn&#039;t be.\",\"publisher\":{\"@id\":\"https:\\\/\\\/memorylossfoundation.org\\\/es\\\/#organization\"},\"potentialAction\":[{\"@type\":\"SearchAction\",\"target\":{\"@type\":\"EntryPoint\",\"urlTemplate\":\"https:\\\/\\\/memorylossfoundation.org\\\/es\\\/?s={search_term_string}\"},\"query-input\":{\"@type\":\"PropertyValueSpecification\",\"valueRequired\":true,\"valueName\":\"search_term_string\"}}],\"inLanguage\":\"es\"},{\"@type\":\"Organization\",\"@id\":\"https:\\\/\\\/memorylossfoundation.org\\\/es\\\/#organization\",\"name\":\"American Memory Loss Foundation\",\"url\":\"https:\\\/\\\/memorylossfoundation.org\\\/es\\\/\",\"logo\":{\"@type\":\"ImageObject\",\"inLanguage\":\"es\",\"@id\":\"https:\\\/\\\/memorylossfoundation.org\\\/es\\\/#\\\/schema\\\/logo\\\/image\\\/\",\"url\":\"https:\\\/\\\/memorylossfoundation.org\\\/wp-content\\\/uploads\\\/AMLF_logo_blue_box.png\",\"contentUrl\":\"https:\\\/\\\/memorylossfoundation.org\\\/wp-content\\\/uploads\\\/AMLF_logo_blue_box.png\",\"width\":1920,\"height\":1067,\"caption\":\"American Memory Loss Foundation\"},\"image\":{\"@id\":\"https:\\\/\\\/memorylossfoundation.org\\\/es\\\/#\\\/schema\\\/logo\\\/image\\\/\"}}]}<\/script>\n<!-- \/ Yoast SEO plugin. -->","yoast_head_json":{"title":"Visita al neur\u00f3logo | American Memory Loss Foundation","description":"Aprenda cu\u00e1ndo acudir a un neur\u00f3logo por p\u00e9rdida de memoria, qu\u00e9 esperar durante su visita y c\u00f3mo prepararse para su cita.","robots":{"index":"noindex","follow":"follow","max-snippet":"max-snippet:-1","max-image-preview":"max-image-preview:large","max-video-preview":"max-video-preview:-1"},"og_locale":"es_ES","og_type":"article","og_title":"Visita al neur\u00f3logo | American Memory Loss Foundation","og_description":"Aprenda cu\u00e1ndo acudir a un neur\u00f3logo por p\u00e9rdida de memoria, qu\u00e9 esperar durante su visita y c\u00f3mo prepararse para su cita.","og_url":"https:\/\/memorylossfoundation.org\/es\/deberia-consultar-a-un-medico\/visita-al-neurologo\/","og_site_name":"American Memory Loss Foundation","article_modified_time":"2026-03-10T15:45:56+00:00","twitter_card":"summary_large_image","twitter_misc":{"Tiempo de lectura":"5 minutos"},"schema":{"@context":"https:\/\/schema.org","@graph":[{"@type":"WebPage","@id":"https:\/\/memorylossfoundation.org\/es\/deberia-consultar-a-un-medico\/visita-al-neurologo\/","url":"https:\/\/memorylossfoundation.org\/es\/deberia-consultar-a-un-medico\/visita-al-neurologo\/","name":"Visita al neur\u00f3logo | American Memory Loss Foundation","isPartOf":{"@id":"https:\/\/memorylossfoundation.org\/es\/#website"},"datePublished":"2025-09-26T16:43:59+00:00","dateModified":"2026-03-10T15:45:56+00:00","description":"Aprenda cu\u00e1ndo acudir a un neur\u00f3logo por p\u00e9rdida de memoria, qu\u00e9 esperar durante su visita y c\u00f3mo prepararse para su cita.","breadcrumb":{"@id":"https:\/\/memorylossfoundation.org\/es\/deberia-consultar-a-un-medico\/visita-al-neurologo\/#breadcrumb"},"inLanguage":"es","potentialAction":[{"@type":"ReadAction","target":["https:\/\/memorylossfoundation.org\/es\/deberia-consultar-a-un-medico\/visita-al-neurologo\/"]}]},{"@type":"BreadcrumbList","@id":"https:\/\/memorylossfoundation.org\/es\/deberia-consultar-a-un-medico\/visita-al-neurologo\/#breadcrumb","itemListElement":[{"@type":"ListItem","position":1,"name":"Home","item":"https:\/\/memorylossfoundation.org\/es\/"},{"@type":"ListItem","position":2,"name":"\u00bfDeber\u00eda consultar a un m\u00e9dico?","item":"https:\/\/memorylossfoundation.org\/es\/deberia-consultar-a-un-medico\/"},{"@type":"ListItem","position":3,"name":"Visita al neur\u00f3logo"}]},{"@type":"WebSite","@id":"https:\/\/memorylossfoundation.org\/es\/#website","url":"https:\/\/memorylossfoundation.org\/es\/","name":"American Memory Loss Foundation","description":"Memory loss can be frustrating. Getting help shouldn&#039;t be.","publisher":{"@id":"https:\/\/memorylossfoundation.org\/es\/#organization"},"potentialAction":[{"@type":"SearchAction","target":{"@type":"EntryPoint","urlTemplate":"https:\/\/memorylossfoundation.org\/es\/?s={search_term_string}"},"query-input":{"@type":"PropertyValueSpecification","valueRequired":true,"valueName":"search_term_string"}}],"inLanguage":"es"},{"@type":"Organization","@id":"https:\/\/memorylossfoundation.org\/es\/#organization","name":"American Memory Loss Foundation","url":"https:\/\/memorylossfoundation.org\/es\/","logo":{"@type":"ImageObject","inLanguage":"es","@id":"https:\/\/memorylossfoundation.org\/es\/#\/schema\/logo\/image\/","url":"https:\/\/memorylossfoundation.org\/wp-content\/uploads\/AMLF_logo_blue_box.png","contentUrl":"https:\/\/memorylossfoundation.org\/wp-content\/uploads\/AMLF_logo_blue_box.png","width":1920,"height":1067,"caption":"American Memory Loss Foundation"},"image":{"@id":"https:\/\/memorylossfoundation.org\/es\/#\/schema\/logo\/image\/"}}]}},"_links":{"self":[{"href":"https:\/\/memorylossfoundation.org\/es\/wp-json\/wp\/v2\/pages\/852","targetHints":{"allow":["GET"]}}],"collection":[{"href":"https:\/\/memorylossfoundation.org\/es\/wp-json\/wp\/v2\/pages"}],"about":[{"href":"https:\/\/memorylossfoundation.org\/es\/wp-json\/wp\/v2\/types\/page"}],"author":[{"embeddable":true,"href":"https:\/\/memorylossfoundation.org\/es\/wp-json\/wp\/v2\/users\/1"}],"replies":[{"embeddable":true,"href":"https:\/\/memorylossfoundation.org\/es\/wp-json\/wp\/v2\/comments?post=852"}],"version-history":[{"count":1,"href":"https:\/\/memorylossfoundation.org\/es\/wp-json\/wp\/v2\/pages\/852\/revisions"}],"predecessor-version":[{"id":853,"href":"https:\/\/memorylossfoundation.org\/es\/wp-json\/wp\/v2\/pages\/852\/revisions\/853"}],"up":[{"embeddable":true,"href":"https:\/\/memorylossfoundation.org\/es\/wp-json\/wp\/v2\/pages\/845"}],"wp:attachment":[{"href":"https:\/\/memorylossfoundation.org\/es\/wp-json\/wp\/v2\/media?parent=852"}],"wp:term":[{"taxonomy":"hf_cat_page","embeddable":true,"href":"https:\/\/memorylossfoundation.org\/es\/wp-json\/wp\/v2\/hf_cat_page?post=852"}],"curies":[{"name":"wp","href":"https:\/\/api.w.org\/{rel}","templated":true}]}}