{"id":856,"date":"2025-09-22T09:08:44","date_gmt":"2025-09-22T16:08:44","guid":{"rendered":"https:\/\/memorylossfoundation.org\/como-funciona-la-memoria\/los-tres-tipos-de-memoria\/memoria-semantica\/"},"modified":"2026-04-04T20:38:57","modified_gmt":"2026-04-05T03:38:57","slug":"memoria-semantica","status":"publish","type":"page","link":"https:\/\/memorylossfoundation.org\/es\/como-funciona-la-memoria\/los-tres-tipos-de-memoria\/memoria-semantica\/","title":{"rendered":"Memoria sem\u00e1ntica"},"content":{"rendered":"\n<p>Los recuerdos <strong>sem\u00e1nticos<\/strong> contienen informaci\u00f3n que podemos recordar conscientemente aunque no recordemos el acontecimiento concreto en el que la aprendimos. Ejemplos de recuerdos sem\u00e1nticos son la informaci\u00f3n objetiva, como el hecho de que Hawai es el 50\u00ba estado de EE.UU., que est\u00e1 formado por muchas islas en medio del oc\u00e9ano Pac\u00edfico y que es famoso por sus volcanes.  Probablemente sepas todas estas cosas (aunque nunca hayas estado en Hawai), pero probablemente no recuerdes d\u00f3nde o cu\u00e1ndo las aprendiste.  <\/p>\n\n<p>Otro tipo de memoria sem\u00e1ntica son los \u201cesquemas\u201d. Estos son \u201cplanos\u201d mentales que nuestros cerebros utilizan para comprender c\u00f3mo se organiza el mundo, bas\u00e1ndose en patrones que hemos experimentado en el pasado.  <\/p>\n\n<p>Por ejemplo, si se dirige a un aeropuerto, sabe cu\u00e1l ser\u00e1 la distribuci\u00f3n b\u00e1sica, incluso si nunca ha estado en ese aeropuerto en particular. La venta de billetes y el registro est\u00e1n m\u00e1s cerca de la calle, seguidos del control de seguridad, que conduce a las puertas de embarque. Adem\u00e1s, una vez que llegue a las puertas, puede estar bastante seguro de que encontrar\u00e1 filas y filas de inc\u00f3modas sillas negras (aunque nunca parecen ser suficientes), restaurantes y tiendas con precios excesivos, y una larga pasarela cerrada que le lleva desde la puerta hasta el avi\u00f3n.   <\/p>\n\n<p>Debido a que su cerebro tiene este \u201cesquema de aeropuerto\u201d, no tiene que recordar los detalles de cada aeropuerto en el que ha estado. Su cerebro not\u00f3 las similitudes de visitas anteriores a otros aeropuertos y cre\u00f3 un marco que puede ayudarle r\u00e1pidamente a navegar por casi cualquier aeropuerto, incluso si llega tarde a su vuelo. <\/p>\n","protected":false},"excerpt":{"rendered":"<p>Esta es la memoria de hechos, conceptos y conocimientos generales. Nos ayuda a almacenar informaci\u00f3n como el significado de las palabras, la capital de un pa\u00eds o las matem\u00e1ticas b\u00e1sicas. La memoria sem\u00e1ntica es lo que nos permite comunicarnos y comprender el mundo que nos rodea.  <\/p>\n","protected":false},"author":1,"featured_media":0,"parent":835,"menu_order":5,"comment_status":"closed","ping_status":"closed","template":"","meta":{"_acf_changed":false,"footnotes":""},"hf_cat_page":[49,48],"class_list":["post-856","page","type-page","status-publish","hentry"],"acf":[],"yoast_head":"<!-- This site is optimized with the Yoast SEO plugin v27.4 - https:\/\/yoast.com\/product\/yoast-seo-wordpress\/ -->\n<title>\u00bfQu\u00e9 es la memoria sem\u00e1ntica? | American Memory Loss Foundation<\/title>\n<meta name=\"description\" content=\"Descubra qu\u00e9 es la memoria sem\u00e1ntica y c\u00f3mo le ayuda a recordar hechos, palabras y conocimientos sobre el mundo con American Memory Loss Foundation.\" \/>\n<meta name=\"robots\" content=\"noindex, follow, max-snippet:-1, max-image-preview:large, max-video-preview:-1\" \/>\n<meta property=\"og:locale\" content=\"es_ES\" \/>\n<meta property=\"og:type\" content=\"article\" \/>\n<meta property=\"og:title\" content=\"\u00bfQu\u00e9 es la memoria sem\u00e1ntica? | American Memory Loss Foundation\" \/>\n<meta property=\"og:description\" content=\"Descubra qu\u00e9 es la memoria sem\u00e1ntica y c\u00f3mo le ayuda a recordar hechos, palabras y conocimientos sobre el mundo con American Memory Loss Foundation.\" \/>\n<meta property=\"og:url\" content=\"https:\/\/memorylossfoundation.org\/es\/como-funciona-la-memoria\/los-tres-tipos-de-memoria\/memoria-semantica\/\" \/>\n<meta property=\"og:site_name\" content=\"American Memory Loss Foundation\" \/>\n<meta property=\"article:modified_time\" content=\"2026-04-05T03:38:57+00:00\" \/>\n<meta name=\"twitter:card\" content=\"summary_large_image\" \/>\n<meta name=\"twitter:label1\" content=\"Tiempo de lectura\" \/>\n\t<meta name=\"twitter:data1\" content=\"1 minuto\" \/>\n<script type=\"application\/ld+json\" class=\"yoast-schema-graph\">{\"@context\":\"https:\\\/\\\/schema.org\",\"@graph\":[{\"@type\":\"WebPage\",\"@id\":\"https:\\\/\\\/memorylossfoundation.org\\\/es\\\/como-funciona-la-memoria\\\/los-tres-tipos-de-memoria\\\/memoria-semantica\\\/\",\"url\":\"https:\\\/\\\/memorylossfoundation.org\\\/es\\\/como-funciona-la-memoria\\\/los-tres-tipos-de-memoria\\\/memoria-semantica\\\/\",\"name\":\"\u00bfQu\u00e9 es la memoria sem\u00e1ntica? | American Memory Loss Foundation\",\"isPartOf\":{\"@id\":\"https:\\\/\\\/memorylossfoundation.org\\\/es\\\/#website\"},\"datePublished\":\"2025-09-22T16:08:44+00:00\",\"dateModified\":\"2026-04-05T03:38:57+00:00\",\"description\":\"Descubra qu\u00e9 es la memoria sem\u00e1ntica y c\u00f3mo le ayuda a recordar hechos, palabras y conocimientos sobre el mundo con American Memory Loss Foundation.\",\"breadcrumb\":{\"@id\":\"https:\\\/\\\/memorylossfoundation.org\\\/es\\\/como-funciona-la-memoria\\\/los-tres-tipos-de-memoria\\\/memoria-semantica\\\/#breadcrumb\"},\"inLanguage\":\"es\",\"potentialAction\":[{\"@type\":\"ReadAction\",\"target\":[\"https:\\\/\\\/memorylossfoundation.org\\\/es\\\/como-funciona-la-memoria\\\/los-tres-tipos-de-memoria\\\/memoria-semantica\\\/\"]}]},{\"@type\":\"BreadcrumbList\",\"@id\":\"https:\\\/\\\/memorylossfoundation.org\\\/es\\\/como-funciona-la-memoria\\\/los-tres-tipos-de-memoria\\\/memoria-semantica\\\/#breadcrumb\",\"itemListElement\":[{\"@type\":\"ListItem\",\"position\":1,\"name\":\"Home\",\"item\":\"https:\\\/\\\/memorylossfoundation.org\\\/es\\\/\"},{\"@type\":\"ListItem\",\"position\":2,\"name\":\"C\u00f3mo funciona la memoria\",\"item\":\"https:\\\/\\\/memorylossfoundation.org\\\/es\\\/como-funciona-la-memoria\\\/\"},{\"@type\":\"ListItem\",\"position\":3,\"name\":\"Los tres tipos de memoria\",\"item\":\"https:\\\/\\\/memorylossfoundation.org\\\/es\\\/como-funciona-la-memoria\\\/los-tres-tipos-de-memoria\\\/\"},{\"@type\":\"ListItem\",\"position\":4,\"name\":\"Memoria sem\u00e1ntica\"}]},{\"@type\":\"WebSite\",\"@id\":\"https:\\\/\\\/memorylossfoundation.org\\\/es\\\/#website\",\"url\":\"https:\\\/\\\/memorylossfoundation.org\\\/es\\\/\",\"name\":\"American Memory Loss Foundation\",\"description\":\"Memory loss can be frustrating. Getting help shouldn&#039;t be.\",\"publisher\":{\"@id\":\"https:\\\/\\\/memorylossfoundation.org\\\/es\\\/#organization\"},\"potentialAction\":[{\"@type\":\"SearchAction\",\"target\":{\"@type\":\"EntryPoint\",\"urlTemplate\":\"https:\\\/\\\/memorylossfoundation.org\\\/es\\\/?s={search_term_string}\"},\"query-input\":{\"@type\":\"PropertyValueSpecification\",\"valueRequired\":true,\"valueName\":\"search_term_string\"}}],\"inLanguage\":\"es\"},{\"@type\":\"Organization\",\"@id\":\"https:\\\/\\\/memorylossfoundation.org\\\/es\\\/#organization\",\"name\":\"American Memory Loss Foundation\",\"url\":\"https:\\\/\\\/memorylossfoundation.org\\\/es\\\/\",\"logo\":{\"@type\":\"ImageObject\",\"inLanguage\":\"es\",\"@id\":\"https:\\\/\\\/memorylossfoundation.org\\\/es\\\/#\\\/schema\\\/logo\\\/image\\\/\",\"url\":\"https:\\\/\\\/memorylossfoundation.org\\\/wp-content\\\/uploads\\\/AMLF_logo_blue_box.png\",\"contentUrl\":\"https:\\\/\\\/memorylossfoundation.org\\\/wp-content\\\/uploads\\\/AMLF_logo_blue_box.png\",\"width\":1920,\"height\":1067,\"caption\":\"American Memory Loss Foundation\"},\"image\":{\"@id\":\"https:\\\/\\\/memorylossfoundation.org\\\/es\\\/#\\\/schema\\\/logo\\\/image\\\/\"}}]}<\/script>\n<!-- \/ Yoast SEO plugin. -->","yoast_head_json":{"title":"\u00bfQu\u00e9 es la memoria sem\u00e1ntica? | American Memory Loss Foundation","description":"Descubra qu\u00e9 es la memoria sem\u00e1ntica y c\u00f3mo le ayuda a recordar hechos, palabras y conocimientos sobre el mundo con American Memory Loss Foundation.","robots":{"index":"noindex","follow":"follow","max-snippet":"max-snippet:-1","max-image-preview":"max-image-preview:large","max-video-preview":"max-video-preview:-1"},"og_locale":"es_ES","og_type":"article","og_title":"\u00bfQu\u00e9 es la memoria sem\u00e1ntica? | American Memory Loss Foundation","og_description":"Descubra qu\u00e9 es la memoria sem\u00e1ntica y c\u00f3mo le ayuda a recordar hechos, palabras y conocimientos sobre el mundo con American Memory Loss Foundation.","og_url":"https:\/\/memorylossfoundation.org\/es\/como-funciona-la-memoria\/los-tres-tipos-de-memoria\/memoria-semantica\/","og_site_name":"American Memory Loss Foundation","article_modified_time":"2026-04-05T03:38:57+00:00","twitter_card":"summary_large_image","twitter_misc":{"Tiempo de lectura":"1 minuto"},"schema":{"@context":"https:\/\/schema.org","@graph":[{"@type":"WebPage","@id":"https:\/\/memorylossfoundation.org\/es\/como-funciona-la-memoria\/los-tres-tipos-de-memoria\/memoria-semantica\/","url":"https:\/\/memorylossfoundation.org\/es\/como-funciona-la-memoria\/los-tres-tipos-de-memoria\/memoria-semantica\/","name":"\u00bfQu\u00e9 es la memoria sem\u00e1ntica? | American Memory Loss Foundation","isPartOf":{"@id":"https:\/\/memorylossfoundation.org\/es\/#website"},"datePublished":"2025-09-22T16:08:44+00:00","dateModified":"2026-04-05T03:38:57+00:00","description":"Descubra qu\u00e9 es la memoria sem\u00e1ntica y c\u00f3mo le ayuda a recordar hechos, palabras y conocimientos sobre el mundo con American Memory Loss Foundation.","breadcrumb":{"@id":"https:\/\/memorylossfoundation.org\/es\/como-funciona-la-memoria\/los-tres-tipos-de-memoria\/memoria-semantica\/#breadcrumb"},"inLanguage":"es","potentialAction":[{"@type":"ReadAction","target":["https:\/\/memorylossfoundation.org\/es\/como-funciona-la-memoria\/los-tres-tipos-de-memoria\/memoria-semantica\/"]}]},{"@type":"BreadcrumbList","@id":"https:\/\/memorylossfoundation.org\/es\/como-funciona-la-memoria\/los-tres-tipos-de-memoria\/memoria-semantica\/#breadcrumb","itemListElement":[{"@type":"ListItem","position":1,"name":"Home","item":"https:\/\/memorylossfoundation.org\/es\/"},{"@type":"ListItem","position":2,"name":"C\u00f3mo funciona la memoria","item":"https:\/\/memorylossfoundation.org\/es\/como-funciona-la-memoria\/"},{"@type":"ListItem","position":3,"name":"Los tres tipos de memoria","item":"https:\/\/memorylossfoundation.org\/es\/como-funciona-la-memoria\/los-tres-tipos-de-memoria\/"},{"@type":"ListItem","position":4,"name":"Memoria sem\u00e1ntica"}]},{"@type":"WebSite","@id":"https:\/\/memorylossfoundation.org\/es\/#website","url":"https:\/\/memorylossfoundation.org\/es\/","name":"American Memory Loss Foundation","description":"Memory loss can be frustrating. Getting help shouldn&#039;t be.","publisher":{"@id":"https:\/\/memorylossfoundation.org\/es\/#organization"},"potentialAction":[{"@type":"SearchAction","target":{"@type":"EntryPoint","urlTemplate":"https:\/\/memorylossfoundation.org\/es\/?s={search_term_string}"},"query-input":{"@type":"PropertyValueSpecification","valueRequired":true,"valueName":"search_term_string"}}],"inLanguage":"es"},{"@type":"Organization","@id":"https:\/\/memorylossfoundation.org\/es\/#organization","name":"American Memory Loss Foundation","url":"https:\/\/memorylossfoundation.org\/es\/","logo":{"@type":"ImageObject","inLanguage":"es","@id":"https:\/\/memorylossfoundation.org\/es\/#\/schema\/logo\/image\/","url":"https:\/\/memorylossfoundation.org\/wp-content\/uploads\/AMLF_logo_blue_box.png","contentUrl":"https:\/\/memorylossfoundation.org\/wp-content\/uploads\/AMLF_logo_blue_box.png","width":1920,"height":1067,"caption":"American Memory Loss Foundation"},"image":{"@id":"https:\/\/memorylossfoundation.org\/es\/#\/schema\/logo\/image\/"}}]}},"_links":{"self":[{"href":"https:\/\/memorylossfoundation.org\/es\/wp-json\/wp\/v2\/pages\/856","targetHints":{"allow":["GET"]}}],"collection":[{"href":"https:\/\/memorylossfoundation.org\/es\/wp-json\/wp\/v2\/pages"}],"about":[{"href":"https:\/\/memorylossfoundation.org\/es\/wp-json\/wp\/v2\/types\/page"}],"author":[{"embeddable":true,"href":"https:\/\/memorylossfoundation.org\/es\/wp-json\/wp\/v2\/users\/1"}],"replies":[{"embeddable":true,"href":"https:\/\/memorylossfoundation.org\/es\/wp-json\/wp\/v2\/comments?post=856"}],"version-history":[{"count":4,"href":"https:\/\/memorylossfoundation.org\/es\/wp-json\/wp\/v2\/pages\/856\/revisions"}],"predecessor-version":[{"id":1353,"href":"https:\/\/memorylossfoundation.org\/es\/wp-json\/wp\/v2\/pages\/856\/revisions\/1353"}],"up":[{"embeddable":true,"href":"https:\/\/memorylossfoundation.org\/es\/wp-json\/wp\/v2\/pages\/835"}],"wp:attachment":[{"href":"https:\/\/memorylossfoundation.org\/es\/wp-json\/wp\/v2\/media?parent=856"}],"wp:term":[{"taxonomy":"hf_cat_page","embeddable":true,"href":"https:\/\/memorylossfoundation.org\/es\/wp-json\/wp\/v2\/hf_cat_page?post=856"}],"curies":[{"name":"wp","href":"https:\/\/api.w.org\/{rel}","templated":true}]}}